{"id":1534,"date":"2018-03-04T20:02:56","date_gmt":"2018-03-04T19:02:56","guid":{"rendered":"http:\/\/web.fs.uni-lj.si\/cem\/?page_id=1534"},"modified":"2020-03-23T10:37:03","modified_gmt":"2020-03-23T09:37:03","slug":"teorija-viskoelasticnosti-doktorate","status":"publish","type":"page","link":"https:\/\/web.fs.uni-lj.si\/cem\/?page_id=1534&lang=sl","title":{"rendered":"Teorija viskoelasti\u010dnosti (doktorat)"},"content":{"rendered":"<p style=\"text-align: center;\"><strong>TEORIJA VISKOELASTI\u010cNOSTI<\/strong><\/p>\n<p style=\"text-align: center;\"><strong>Doktorski \u0161tudijski program STROJNI\u0160TVO, 3. stopnja<\/strong><\/p>\n<p><strong><em>Predavatelj:<\/em><\/strong> Doc. dr. Lidija Slemenik Per\u0161e<\/p>\n<p>Vedenje polimernih materialov in pripadajo\u010dih kompozitov in nanokompozitov se spreminja s \u010dasom. Na to \u010dasovno odvisnost mo\u010dno vplivajo temperatura, tlak, vlaga, ter velikost in oblika mehanske obremenitve. Analiza teh odvisnosti je vsebina tega predmeta. Definicija osnovnih fizikalnih pojmov in konceptov. Zna\u010dilnosti \u010dasovno-odvisnega vedenja materialov in konstrukcij. Zna\u010dilnosti nelinearnega \u010dasovno odvisnega vedenja polimerov, kompozitov, nanokompozitov in hibridnih materialov. Strukturne razlike med materiali in njihov vpliv na \u010dasovno odvisne mehanske lastnosti. Problem mejne plasti. Kriti\u010dna nanodimenzija polnil in vlaken. Materialne funkcije v \u010dasovnem in frekven\u010dnem prostoru. Problemi re\u0161evanja inverznega problema Fredholmovih integralov prvega reda. Mehanski spekter. Algoritem Emri-Tschoegl. Vpliv temperature, tlaka in vlage. Absorpcija energije pri dinami\u010dni obremenitvi. Fizikalno staranje.<br \/>\nVsebina predmeta se prilagodi potrebam posameznega \u0161tudenta, ki skozi predmet re\u0161uje del problema vezanega na doktorsko nalogo.<\/p>\n","protected":false},"excerpt":{"rendered":"<p>TEORIJA VISKOELASTI\u010cNOSTI Doktorski \u0161tudijski program STROJNI\u0160TVO, 3. stopnja Predavatelj: Doc. dr. Lidija Slemenik Per\u0161e Vedenje polimernih materialov in pripadajo\u010dih kompozitov in nanokompozitov se spreminja s \u010dasom. Na to \u010dasovno odvisnost mo\u010dno vplivajo temperatura, tlak, vlaga, ter velikost in oblika mehanske obremenitve. Analiza teh odvisnosti je vsebina tega predmeta. Definicija osnovnih fizikalnih pojmov in konceptov. Zna\u010dilnosti [&hellip;]<\/p>\n","protected":false},"author":1,"featured_media":0,"parent":1784,"menu_order":0,"comment_status":"closed","ping_status":"closed","template":"","meta":{"_et_pb_use_builder":"","_et_pb_old_content":"","_et_gb_content_width":"","footnotes":""},"class_list":["post-1534","page","type-page","status-publish","hentry"],"aioseo_notices":[],"_links":{"self":[{"href":"https:\/\/web.fs.uni-lj.si\/cem\/index.php?rest_route=\/wp\/v2\/pages\/1534","targetHints":{"allow":["GET"]}}],"collection":[{"href":"https:\/\/web.fs.uni-lj.si\/cem\/index.php?rest_route=\/wp\/v2\/pages"}],"about":[{"href":"https:\/\/web.fs.uni-lj.si\/cem\/index.php?rest_route=\/wp\/v2\/types\/page"}],"author":[{"embeddable":true,"href":"https:\/\/web.fs.uni-lj.si\/cem\/index.php?rest_route=\/wp\/v2\/users\/1"}],"replies":[{"embeddable":true,"href":"https:\/\/web.fs.uni-lj.si\/cem\/index.php?rest_route=%2Fwp%2Fv2%2Fcomments&post=1534"}],"version-history":[{"count":4,"href":"https:\/\/web.fs.uni-lj.si\/cem\/index.php?rest_route=\/wp\/v2\/pages\/1534\/revisions"}],"predecessor-version":[{"id":1790,"href":"https:\/\/web.fs.uni-lj.si\/cem\/index.php?rest_route=\/wp\/v2\/pages\/1534\/revisions\/1790"}],"up":[{"embeddable":true,"href":"https:\/\/web.fs.uni-lj.si\/cem\/index.php?rest_route=\/wp\/v2\/pages\/1784"}],"wp:attachment":[{"href":"https:\/\/web.fs.uni-lj.si\/cem\/index.php?rest_route=%2Fwp%2Fv2%2Fmedia&parent=1534"}],"curies":[{"name":"wp","href":"https:\/\/api.w.org\/{rel}","templated":true}]}}