{"id":1508,"date":"2018-03-04T19:34:34","date_gmt":"2018-03-04T18:34:34","guid":{"rendered":"http:\/\/web.fs.uni-lj.si\/cem\/?page_id=1508"},"modified":"2018-03-04T22:53:42","modified_gmt":"2018-03-04T21:53:42","slug":"numericno-in-analiticno-modeliranje","status":"publish","type":"page","link":"https:\/\/web.fs.uni-lj.si\/cem\/?page_id=1508&lang=sl","title":{"rendered":"Numeri\u010dno in analiti\u010dno modeliranje"},"content":{"rendered":"<p style=\"text-align: center;\"><strong>NUMERI\u010cNO IN ANALITI\u010cNO MODELIRANJE<\/strong><\/p>\n<div id=\"wrapper\">\n<div class=\"firefox_white\" style=\"float: left; width: 47%;\">\n<p><img loading=\"lazy\" decoding=\"async\" class=\"alignnone wp-image-159 size-medium\" style=\"border-style: initial; border-color: initial; background-image: initial; background-attachment: initial; background-origin: initial; background-clip: initial; background-color: #eeeeee; margin-top: 0.4em;\" title=\"Closed Form Shifting algorithm software\" src=\"http:\/\/web.fs.uni-lj.si\/cem\/wp-content\/uploads\/2012\/03\/soft_CFS-e1488801528901-300x165.png\" width=\"300\" height=\"165\" srcset=\"https:\/\/web.fs.uni-lj.si\/cem\/wp-content\/uploads\/2012\/03\/soft_CFS-e1488801528901-300x165.png 300w, https:\/\/web.fs.uni-lj.si\/cem\/wp-content\/uploads\/2012\/03\/soft_CFS-e1488801528901-200x110.png 200w, https:\/\/web.fs.uni-lj.si\/cem\/wp-content\/uploads\/2012\/03\/soft_CFS-e1488801528901-1024x564.png 1024w, https:\/\/web.fs.uni-lj.si\/cem\/wp-content\/uploads\/2012\/03\/soft_CFS-e1488801528901-500x275.png 500w, https:\/\/web.fs.uni-lj.si\/cem\/wp-content\/uploads\/2012\/03\/soft_CFS-e1488801528901-768x423.png 768w, https:\/\/web.fs.uni-lj.si\/cem\/wp-content\/uploads\/2012\/03\/soft_CFS-e1488801528901.png 1169w\" sizes=\"(max-width: 300px) 100vw, 300px\" \/><\/p>\n<p>&nbsp;<\/p>\n<p>&nbsp;<\/p>\n<p>&nbsp;<\/p>\n<p><img loading=\"lazy\" decoding=\"async\" class=\"alignnone wp-image-241 size-medium\" title=\"Durability Analysis of Belts software\" src=\"http:\/\/web.fs.uni-lj.si\/cem\/wp-content\/uploads\/2012\/03\/2-DAB-e1488801541290-300x262.png\" width=\"300\" height=\"262\" srcset=\"https:\/\/web.fs.uni-lj.si\/cem\/wp-content\/uploads\/2012\/03\/2-DAB-e1488801541290-300x262.png 300w, https:\/\/web.fs.uni-lj.si\/cem\/wp-content\/uploads\/2012\/03\/2-DAB-e1488801541290-172x150.png 172w, https:\/\/web.fs.uni-lj.si\/cem\/wp-content\/uploads\/2012\/03\/2-DAB-e1488801541290-343x300.png 343w, https:\/\/web.fs.uni-lj.si\/cem\/wp-content\/uploads\/2012\/03\/2-DAB-e1488801541290.png 745w\" sizes=\"(max-width: 300px) 100vw, 300px\" \/><\/p>\n<p>&nbsp;<\/p>\n<p>&nbsp;<\/p>\n<p>&nbsp;<\/p>\n<p><a href=\"http:\/\/web.fs.uni-lj.si\/cem\/wp-content\/uploads\/2012\/04\/Num-3-Interconversion.png\" rel=\"lightbox\"><img loading=\"lazy\" decoding=\"async\" class=\"alignleft wp-image-242\" title=\"Interconversion software\" src=\"http:\/\/web.fs.uni-lj.si\/cem\/wp-content\/uploads\/2012\/04\/Num-3-Interconversion.png\" alt=\"\" width=\"737\" height=\"522\" \/><\/a><\/p>\n<\/div>\n<div class=\"firefox_white\" style=\"float: right; width: 45%;\">\n<p><strong>CFS Programska oprema \u2013 The Closed Form Shifting Algorithm<\/strong><\/p>\n<p><em><strong>Princip delovanja<\/strong><\/em><\/p>\n<p>CFS<sup>[1]<\/sup> programska oprema je namenjena avtomatiziranemu ustvarjanju sumarnih krivulj, ki predstavlajajo dolgoro\u010dno vedenje materiala iz eksperimentalnih podatkov pridobljenih v kraj\u0161ih \u010dasovnih intervalih pri razli\u010dnih konstantnih temperaturah (ali tlakih).<\/p>\n<p><em><strong>Rezultate<\/strong><\/em><\/p>\n<ul>\n<li>Premaknitveni faktorji pri razli\u010dnih referen\u010dnih temperatutah;<\/li>\n<li>Izotermalne (izobarne) sumarne krivulje in izohrone krvulje pri izbranih referen\u010dnih pogojih.<\/li>\n<\/ul>\n<p style=\"font-size: 80%;\">[1]<em> Gergesova M., Zupan\u010di\u010d B., Saprunov I., Emri I. \u201cThe Closed Form t-T-P Shifting (CFS) Algorithm\u201d,\u00a0Journal of Rheology 55(1), pp. 1-17 (2011)<\/em><\/p>\n<p>&nbsp;<\/p>\n<p><strong>DAB Programska oprema \u2013 Durability Analysis of Belts<\/strong><\/p>\n<p><em><strong>Princip delovanja<\/strong><\/em><\/p>\n<p>DAB<sup>[2]\u00a0<\/sup>programska oprema je namenjena kvantitaivni analizi akumulacije deformacije pogonskih jermenov, ko so ti izpostavljeni stopni\u010dasti, periodi\u010dni obrmenitivi (napetosti).<\/p>\n<p><em><strong>Rezultate<\/strong><\/em><\/p>\n<ul>\n<li>kumulativni akumulirana deformacija za izbrano \u0161tevilo obremenitvenih ciklov;<\/li>\n<li>dodana akumulacija deformacije med dolo\u010denimi zaporednimi obremnitvenimi cikli;<\/li>\n<\/ul>\n<p>v obeh primerih kot funcija \u0161tevila obremenitvenih ciklov, n, kotne hitrosti, \u03c9 in geometrijskega prametra, k = l\/R, kjer hw l \u2013 centralna razdalija med kolesoma in R je radij koles.<\/p>\n<p style=\"font-size: 80%;\">[2]<em> Zupan\u010di\u010d B., Emri I. \u201cDAB \u2013 Durability Analysis of Belts: program package for \u00a0strain<\/em>\u00a0<em>accumulation analysis in the drive belts: navodila za uporabo\u201d, Ljubljana: Fakulteta za<\/em>\u00a0<em>Strojni\u0161tvo, Centerza eksperimentalno mehaniko, CEM, 30 pp. (2008)<\/em><\/p>\n<p>&nbsp;<\/p>\n<p><strong>INTERCONVERSION Programska oprema<\/strong><\/p>\n<p><em><strong>Princip delovanja<\/strong><\/em><\/p>\n<p>INTERCONVERSION<sup>[3]<\/sup> programska oprema je namenjena razli\u010dnim interkonverzijam med viskoelasti\u010dnimimaterialnimi funkcijami..<\/p>\n<p>Zmo\u017enosti<\/p>\n<ul>\n<li>med stati\u010dnimi materialnimi funkcijami (Hopkins-Hamming metoda);<\/li>\n<li>med stati\u010dnimi materialnimi funkcijami (Hopkins-Hamming metoda);<\/li>\n<li>iz stati\u010dne v dinami\u010dne materialne funkcije (Schwarzl methoda);<\/li>\n<li>med dinami\u010dnimi materialnimi funkcijami (analiti\u010dno);<\/li>\n<li>med spektri (Emri-Tschoegl metoda);<\/li>\n<li>mehanski spekter iz materialnih funkcij (Emri-Tschoegl metoda) in obratno;<\/li>\n<li>zlepalnje funkcij z \u0161umom.<\/li>\n<\/ul>\n<p style=\"font-size: 80%;\">[3]<em> Emri I., von Bernstorff B.S., Cvelbar R, Nikonov A. \u201cRe-examination of the approximate methods\u00a0for interconversion between frequency- and time-dependent material functions\u201d, Journal of\u00a0Non-Newtonian Fluid Mechanics 129(2), pp. 75-84 (2005)<\/em><\/p>\n<\/div>\n<\/div>\n","protected":false},"excerpt":{"rendered":"<p>NUMERI\u010cNO IN ANALITI\u010cNO MODELIRANJE &nbsp; &nbsp; &nbsp; &nbsp; &nbsp; &nbsp; CFS Programska oprema \u2013 The Closed Form Shifting Algorithm Princip delovanja CFS[1] programska oprema je namenjena avtomatiziranemu ustvarjanju sumarnih krivulj, ki predstavlajajo dolgoro\u010dno vedenje materiala iz eksperimentalnih podatkov pridobljenih v kraj\u0161ih \u010dasovnih intervalih pri razli\u010dnih konstantnih temperaturah (ali tlakih). Rezultate Premaknitveni faktorji pri razli\u010dnih referen\u010dnih [&hellip;]<\/p>\n","protected":false},"author":1,"featured_media":0,"parent":1370,"menu_order":6,"comment_status":"closed","ping_status":"closed","template":"showcase.php","meta":{"_et_pb_use_builder":"","_et_pb_old_content":"","_et_gb_content_width":"","footnotes":""},"class_list":["post-1508","page","type-page","status-publish","hentry"],"aioseo_notices":[],"_links":{"self":[{"href":"https:\/\/web.fs.uni-lj.si\/cem\/index.php?rest_route=\/wp\/v2\/pages\/1508","targetHints":{"allow":["GET"]}}],"collection":[{"href":"https:\/\/web.fs.uni-lj.si\/cem\/index.php?rest_route=\/wp\/v2\/pages"}],"about":[{"href":"https:\/\/web.fs.uni-lj.si\/cem\/index.php?rest_route=\/wp\/v2\/types\/page"}],"author":[{"embeddable":true,"href":"https:\/\/web.fs.uni-lj.si\/cem\/index.php?rest_route=\/wp\/v2\/users\/1"}],"replies":[{"embeddable":true,"href":"https:\/\/web.fs.uni-lj.si\/cem\/index.php?rest_route=%2Fwp%2Fv2%2Fcomments&post=1508"}],"version-history":[{"count":3,"href":"https:\/\/web.fs.uni-lj.si\/cem\/index.php?rest_route=\/wp\/v2\/pages\/1508\/revisions"}],"predecessor-version":[{"id":1577,"href":"https:\/\/web.fs.uni-lj.si\/cem\/index.php?rest_route=\/wp\/v2\/pages\/1508\/revisions\/1577"}],"up":[{"embeddable":true,"href":"https:\/\/web.fs.uni-lj.si\/cem\/index.php?rest_route=\/wp\/v2\/pages\/1370"}],"wp:attachment":[{"href":"https:\/\/web.fs.uni-lj.si\/cem\/index.php?rest_route=%2Fwp%2Fv2%2Fmedia&parent=1508"}],"curies":[{"name":"wp","href":"https:\/\/api.w.org\/{rel}","templated":true}]}}