{"id":1393,"date":"2017-03-02T15:14:50","date_gmt":"2017-03-02T14:14:50","guid":{"rendered":"http:\/\/web.fs.uni-lj.si\/cem\/?page_id=1393"},"modified":"2024-02-29T12:39:37","modified_gmt":"2024-02-29T11:39:37","slug":"domov","status":"publish","type":"page","link":"https:\/\/web.fs.uni-lj.si\/cem\/?page_id=1393&lang=sl","title":{"rendered":"O LABORATORIJU"},"content":{"rendered":"<p>Laboratorij za eksperimentalno mehaniko (LEM) je samostojen laboratorij na Fakulteti za strojni\u0161tvo, Univerze v Ljubljani. V laboratoriju izvajamo <strong>izobra\u017eevalne<\/strong> in <strong>raziskovalne<\/strong> dejavnosti na podro\u010dju vedenja polimerov, polimernih kompozitov, polimerov v teko\u010dem stanju, suspenzij\/disperzij\/raztopin in s temi materiali povezanimi aplikacijami.<\/p>\n<p>Skrbimo za:<\/p>\n<ol>\n<li><strong>Integracijo izobra\u017eevalnih in raziskovalnih procesov.<\/strong> \u0160tudente vklju\u010dujemo v raziskovalne procese \u017ee v zgodnjih fazah njihovega izobra\u017eevanja.<\/li>\n<li><strong>Prenos raziskovalnih rezultatov v industrijo.<\/strong> Prenos osnovnega teoreti\u010dnega znanja za re\u0161evanje konkretnih prakti\u010dnih problemov je izziv vsakega raziskovalca. Na\u0161a raziskovalna skupina razpolaga z izkustvenim znanjem, ki je klju\u010dnega pomena za ta korak. Cilj skupine je prenos in implementacija dobrih idej in praks, ki izvirajo iz teoreti\u010dnega znanja v industrijske aplikacije.<\/li>\n<li><strong>Interdisciplinarne raziskave. <\/strong>Na\u0161e izku\u0161nje ka\u017eejo, da imajo znanstveniki iz razli\u010dnih podro\u010dij razli\u010dne poglede na iste probleme. Na podlagi tega pridemo do ve\u010d razli\u010dnih re\u0161itev, saj jih analiziramo iz razli\u010dnih zornih kotov. Kompleksni problemi obi\u010dajno zahtevajo sinergijo znanja in izku\u0161enj iz razli\u010dnih raziskovalnih podro\u010dij.<\/li>\n<\/ol>\n<p>Raziskovalna dejavnost vklju\u010duje temeljne raziskave v sklopu raziskovalnega ARIS programa &#8220;Trajnostni Polimerni materiali in Tehnologije&#8221;(P2-0264) \u00a0ter aplikativne raziskave, povezane s posameznimi industrijskimi aplikacijami. Na\u0161 cilj je vklju\u010diti pridobljene informacije, znanja in izku\u0161nje v nove inovativne industrijske re\u0161itve in s tem okrepiti konkuren\u010dno zmogljivost in strate\u0161ke prilo\u017enosti razli\u010dnih industrijskih panog (avtomobilska, vesoljska, ogrevalna, medicinska, voja\u0161ka, gospodinjski aparati, itd.).<\/p>\n<p>LEM aktivno sodeluje z industrijskimi partnerji iz razli\u010dnih podro\u010dij:<\/p>\n<ul>\n<li>Hella<\/li>\n<li>BSH<\/li>\n<li>Sandoz-LEK<\/li>\n<li>Danfoss<\/li>\n<li>Anton Paar<\/li>\n<li>Domel<\/li>\n<li>Leone<\/li>\n<li>Krka<\/li>\n<\/ul>\n<p><a href=\"http:\/\/web.fs.uni-lj.si\/cem\/wp-content\/uploads\/2020\/06\/lem-partnerji.png\"><img loading=\"lazy\" decoding=\"async\" class=\"aligncenter  wp-image-2487\" src=\"http:\/\/web.fs.uni-lj.si\/cem\/wp-content\/uploads\/2020\/06\/lem-partnerji-300x145.png\" alt=\"\" width=\"423\" height=\"213\" \/><\/a><\/p>\n","protected":false},"excerpt":{"rendered":"<p>Laboratorij za eksperimentalno mehaniko (LEM) je samostojen laboratorij na Fakulteti za strojni\u0161tvo, Univerze v Ljubljani. V laboratoriju izvajamo izobra\u017eevalne in raziskovalne dejavnosti na podro\u010dju vedenja polimerov, polimernih kompozitov, polimerov v teko\u010dem stanju, suspenzij\/disperzij\/raztopin in s temi materiali povezanimi aplikacijami. Skrbimo za: Integracijo izobra\u017eevalnih in raziskovalnih procesov. \u0160tudente vklju\u010dujemo v raziskovalne procese \u017ee v zgodnjih fazah [&hellip;]<\/p>\n","protected":false},"author":1,"featured_media":0,"parent":0,"menu_order":0,"comment_status":"closed","ping_status":"closed","template":"","meta":{"_et_pb_use_builder":"","_et_pb_old_content":"","_et_gb_content_width":"","footnotes":""},"class_list":["post-1393","page","type-page","status-publish","hentry"],"aioseo_notices":[],"_links":{"self":[{"href":"https:\/\/web.fs.uni-lj.si\/cem\/index.php?rest_route=\/wp\/v2\/pages\/1393","targetHints":{"allow":["GET"]}}],"collection":[{"href":"https:\/\/web.fs.uni-lj.si\/cem\/index.php?rest_route=\/wp\/v2\/pages"}],"about":[{"href":"https:\/\/web.fs.uni-lj.si\/cem\/index.php?rest_route=\/wp\/v2\/types\/page"}],"author":[{"embeddable":true,"href":"https:\/\/web.fs.uni-lj.si\/cem\/index.php?rest_route=\/wp\/v2\/users\/1"}],"replies":[{"embeddable":true,"href":"https:\/\/web.fs.uni-lj.si\/cem\/index.php?rest_route=%2Fwp%2Fv2%2Fcomments&post=1393"}],"version-history":[{"count":5,"href":"https:\/\/web.fs.uni-lj.si\/cem\/index.php?rest_route=\/wp\/v2\/pages\/1393\/revisions"}],"predecessor-version":[{"id":2661,"href":"https:\/\/web.fs.uni-lj.si\/cem\/index.php?rest_route=\/wp\/v2\/pages\/1393\/revisions\/2661"}],"wp:attachment":[{"href":"https:\/\/web.fs.uni-lj.si\/cem\/index.php?rest_route=%2Fwp%2Fv2%2Fmedia&parent=1393"}],"curies":[{"name":"wp","href":"https:\/\/api.w.org\/{rel}","templated":true}]}}