{"id":1348,"date":"2016-12-12T10:07:59","date_gmt":"2016-12-12T09:07:59","guid":{"rendered":"http:\/\/web.fs.uni-lj.si\/cem\/?page_id=1348"},"modified":"2020-03-23T10:38:03","modified_gmt":"2020-03-23T09:38:03","slug":"mehanika-nekovinskih-gradiv","status":"publish","type":"page","link":"https:\/\/web.fs.uni-lj.si\/cem\/?page_id=1348&lang=sl","title":{"rendered":"Mehanika nekovinskih gradiv"},"content":{"rendered":"<p style=\"text-align: center;\"><strong>MEHANIKA NEKOVINSKIH GRADIV<\/strong><\/p>\n<p style=\"text-align: center;\"><strong>Visoko\u0161olski strokovni \u0161tudijski program 1. stopnje STROJNI\u0160TVO \u2013 Projektno aplikativni program, 3. letnik<\/strong><\/p>\n<p><em><strong>Predavatelj<\/strong><\/em>: Doc. dr. Lidija Slemenik Per\u0161e<br \/>\n<em><strong>Asistent<\/strong><\/em>: Asist. Alen Oseli<\/p>\n<p>Polimeri postajajo vedno bolj pomembni konstrukcijski materiali. Njihova uporaba v industriji hitro nara\u0161\u010da zaradi prednosti, ki jih ti materiali nudijo v primerjavi z bolj tradicionalnimi materiali kot so npr. kovine. Nekaj poglavitnih prednosti je: enostavno preoblikovanje, odpornost na korozijo, ugodno razmerje med trdnostjo in te\u017eo, ve\u010d-funkcijski namen uporabe\u2026 Od njih se pri\u010dakuje, da prena\u0161ajo obremenitve skozi celotno \u017eivljenjsko dobo. To zahteva napovedovanje dolgotrajne zanesljivosti konstrukcijskih elementov, kar nadalje zahteva poznavanje lastnosti materialov. Konstruiranje s polimeri je precej zahtevno ker so, za razliko od kovin, mehanske lastnosti polimerov mo\u010dno odvisne od \u010dasa. V sklopu predmeta se bodo \u0161tudentje seznanili z znanji, ki so potrebna za uspe\u0161no uporabo nekovinskih materialov v in\u017eenirski praksi. Osvojili bodo metodologije karakterizacije nekovinskih materialov, ki izra\u017eajo \u010dasovno odvisnost, ter osvoji osnovne koncepte snovanja izdelkov iz tovrstnih materialov.<\/p>\n<p><strong><br \/>\nPriporo\u010dena literatura:<\/strong><\/p>\n<ul>\n<li>Aklonis, John J. and MacKnight, William J.: Introduction to Polymer Viscoelasticity. John Wiley &amp; Sons, 1983.<\/li>\n<li>Wineman, Alan S., and Kumbakonam Ramamani R.: Mechanical response of polymers: an introduction. Cambridge University Press, 2000.<\/li>\n<li>Lakes, Roderic S. Viscoelastic materials. Cambridge University Press, 2009.<\/li>\n<li>T.G. Mezger, Applied Rheology: With Joe Flow on Rheology Road, Anton Paar GmbH, 2014.<\/li>\n<\/ul>\n<p><strong><a href=\"http:\/\/web.fs.uni-lj.si\/cem\/sl\/teme-zakljucnih-in-magisterskih-nalog\/\">Spisek zaklju\u010dnih nalog<\/a><\/strong><\/p>\n","protected":false},"excerpt":{"rendered":"<p>MEHANIKA NEKOVINSKIH GRADIV Visoko\u0161olski strokovni \u0161tudijski program 1. stopnje STROJNI\u0160TVO \u2013 Projektno aplikativni program, 3. letnik Predavatelj: Doc. dr. Lidija Slemenik Per\u0161e Asistent: Asist. Alen Oseli Polimeri postajajo vedno bolj pomembni konstrukcijski materiali. Njihova uporaba v industriji hitro nara\u0161\u010da zaradi prednosti, ki jih ti materiali nudijo v primerjavi z bolj tradicionalnimi materiali kot so npr. [&hellip;]<\/p>\n","protected":false},"author":1,"featured_media":0,"parent":1784,"menu_order":4,"comment_status":"closed","ping_status":"closed","template":"showcase.php","meta":{"_et_pb_use_builder":"","_et_pb_old_content":"","_et_gb_content_width":"","footnotes":""},"class_list":["post-1348","page","type-page","status-publish","hentry"],"aioseo_notices":[],"_links":{"self":[{"href":"https:\/\/web.fs.uni-lj.si\/cem\/index.php?rest_route=\/wp\/v2\/pages\/1348","targetHints":{"allow":["GET"]}}],"collection":[{"href":"https:\/\/web.fs.uni-lj.si\/cem\/index.php?rest_route=\/wp\/v2\/pages"}],"about":[{"href":"https:\/\/web.fs.uni-lj.si\/cem\/index.php?rest_route=\/wp\/v2\/types\/page"}],"author":[{"embeddable":true,"href":"https:\/\/web.fs.uni-lj.si\/cem\/index.php?rest_route=\/wp\/v2\/users\/1"}],"replies":[{"embeddable":true,"href":"https:\/\/web.fs.uni-lj.si\/cem\/index.php?rest_route=%2Fwp%2Fv2%2Fcomments&post=1348"}],"version-history":[{"count":5,"href":"https:\/\/web.fs.uni-lj.si\/cem\/index.php?rest_route=\/wp\/v2\/pages\/1348\/revisions"}],"predecessor-version":[{"id":1747,"href":"https:\/\/web.fs.uni-lj.si\/cem\/index.php?rest_route=\/wp\/v2\/pages\/1348\/revisions\/1747"}],"up":[{"embeddable":true,"href":"https:\/\/web.fs.uni-lj.si\/cem\/index.php?rest_route=\/wp\/v2\/pages\/1784"}],"wp:attachment":[{"href":"https:\/\/web.fs.uni-lj.si\/cem\/index.php?rest_route=%2Fwp%2Fv2%2Fmedia&parent=1348"}],"curies":[{"name":"wp","href":"https:\/\/api.w.org\/{rel}","templated":true}]}}