{"id":1340,"date":"2016-12-12T10:06:53","date_gmt":"2016-12-12T09:06:53","guid":{"rendered":"http:\/\/web.fs.uni-lj.si\/cem\/?page_id=1340"},"modified":"2020-03-23T10:37:23","modified_gmt":"2020-03-23T09:37:23","slug":"mehanika-polimerov-in-kompozitov","status":"publish","type":"page","link":"https:\/\/web.fs.uni-lj.si\/cem\/?page_id=1340&lang=sl","title":{"rendered":"Mehanika polimerov in kompozitov"},"content":{"rendered":"<p style=\"text-align: center;\"><strong>MEHANIKA POLIMEROV IN KOMPOZITOV<\/strong><\/p>\n<p style=\"text-align: center;\"><strong>Magistrski \u0161tudijski program 2. stopnje STROJNI\u0160TVO &#8211; Razvojno raziskovalni program, 1. &amp; 2. letnik<\/strong><\/p>\n<p><em><strong>Predavatelj:<\/strong><\/em> Doc. dr. Lidija Slemenik Per\u0161e<br \/>\n<em><strong>Asistent:<\/strong><\/em> Asist. dr. Marko Bek<\/p>\n<p>Predmet Mehanika polimerov in kompozitov \u0161tudentom poda temeljna in uporabna znanja o vedenju polimernih in kompozitnih materialov. \u0160tudent razume posebnosti \u010dasovno odvisnega vedenja polimernih konstrukcijskih materialov in prednosti, ki jih tovrstni materiali nudijo v znanosti in tehniki. Obvladuje matemati\u010dne pristope za popisovanje vedenja \u010dasovno-odvisnih materialov v \u010dasovnem in frekven\u010dnem prostoru in napovedovanje \u017eivljenjske dobe izdelkov izdelanih iz tovrstnih materialov.<br \/>\n<strong><br \/>\nPriporo\u010dena literatura: <\/strong><br \/>\n<em>Polimerni materiali:<\/em><\/p>\n<ul>\n<li>Ward, Ian M., and John Sweeney. Mechanical properties of solid polymers. John Wiley &amp; Sons, 2012.<\/li>\n<li>Cho, Kwang Soo: Viscoelasticity of Polymers: Theory and Numerical Algorithms. Springer, 2016.<\/li>\n<li>Aklonis, John J. and MacKnight, William J.: Introduction to Polymer Viscoelasticity. John Wiley &amp; Sons, 1983.<\/li>\n<li>Wineman, Alan S., and Kumbakonam Ramamani R.: Mechanical response of polymers: an introduction. Cambridge University Press, 2000.<\/li>\n<li>Lakes, Roderic S. Viscoelastic materials. Cambridge University Press, 2009.<\/li>\n<li>Tschoegl, Nicholas W.: The phenomenological theory of linear viscoelastic behavior: an introduction. Springer Science &amp; Business Media, 1989 (1st ed).<\/li>\n<li>Ferry, John D.: Viscoelastic properties of polymers. John Wiley &amp; Sons, 1980.<\/li>\n<li>T. Mezger, The Rheology Handbook: For Users of Rotational and Oscillatory Rheometers, Vincentz, 2002.<\/li>\n<li style=\"list-style-type: none;\"><\/li>\n<\/ul>\n<p><em>Kompoziti: <\/em><\/p>\n<ul>\n<li>Composite Materials Design and Applications; D. Gay, S. V. Hoa, S. W. Tsai; CRC Press<\/li>\n<li>Stress Analysis of Fiber-Reinforced Composite Materials; M. W. Hyer; McGraw-Hill<\/li>\n<\/ul>\n<p><em>\u0160ir\u0161a tematika:<\/em><\/p>\n<ul>\n<li>Aditive manufacturing (3D printanje) :Ian Gibson,David Rosen,Brent Stucker: Additive Manufacturing Technologies: 3D Printing, Rapid Prototyping, and Direct Digital Manufacturing, Second edition, Springer, 2014.<\/li>\n<li>Spajanje materialov: Troughton, Michael J.: Handbook of plastics joining: a practical guide. William Andrew, 2008.<\/li>\n<li>Procesiranje materialov in konstruiranje z polimernimi materiali: Osswald, Tim A., Baur, Erwin, Brinkmann, Sigrid, Oberbach, Karl, and Schmachtenberg, Ernst: International Plastics Handbook, The Resource for Plastics Engineers, Carl Hanser Verlag GmbH &amp; Co. KG, 2006.<\/li>\n<li>Eksperimentale metode: Sharpe, William N.: Springer handbook of experimental solid mechanics. Springer Science &amp; Business Media, 2008.<\/li>\n<\/ul>\n","protected":false},"excerpt":{"rendered":"<p>MEHANIKA POLIMEROV IN KOMPOZITOV Magistrski \u0161tudijski program 2. stopnje STROJNI\u0160TVO &#8211; Razvojno raziskovalni program, 1. &amp; 2. letnik Predavatelj: Doc. dr. Lidija Slemenik Per\u0161e Asistent: Asist. dr. Marko Bek Predmet Mehanika polimerov in kompozitov \u0161tudentom poda temeljna in uporabna znanja o vedenju polimernih in kompozitnih materialov. \u0160tudent razume posebnosti \u010dasovno odvisnega vedenja polimernih konstrukcijskih materialov [&hellip;]<\/p>\n","protected":false},"author":1,"featured_media":0,"parent":1784,"menu_order":1,"comment_status":"closed","ping_status":"closed","template":"showcase.php","meta":{"_et_pb_use_builder":"","_et_pb_old_content":"","_et_gb_content_width":"","footnotes":""},"class_list":["post-1340","page","type-page","status-publish","hentry"],"aioseo_notices":[],"_links":{"self":[{"href":"https:\/\/web.fs.uni-lj.si\/cem\/index.php?rest_route=\/wp\/v2\/pages\/1340","targetHints":{"allow":["GET"]}}],"collection":[{"href":"https:\/\/web.fs.uni-lj.si\/cem\/index.php?rest_route=\/wp\/v2\/pages"}],"about":[{"href":"https:\/\/web.fs.uni-lj.si\/cem\/index.php?rest_route=\/wp\/v2\/types\/page"}],"author":[{"embeddable":true,"href":"https:\/\/web.fs.uni-lj.si\/cem\/index.php?rest_route=\/wp\/v2\/users\/1"}],"replies":[{"embeddable":true,"href":"https:\/\/web.fs.uni-lj.si\/cem\/index.php?rest_route=%2Fwp%2Fv2%2Fcomments&post=1340"}],"version-history":[{"count":5,"href":"https:\/\/web.fs.uni-lj.si\/cem\/index.php?rest_route=\/wp\/v2\/pages\/1340\/revisions"}],"predecessor-version":[{"id":1748,"href":"https:\/\/web.fs.uni-lj.si\/cem\/index.php?rest_route=\/wp\/v2\/pages\/1340\/revisions\/1748"}],"up":[{"embeddable":true,"href":"https:\/\/web.fs.uni-lj.si\/cem\/index.php?rest_route=\/wp\/v2\/pages\/1784"}],"wp:attachment":[{"href":"https:\/\/web.fs.uni-lj.si\/cem\/index.php?rest_route=%2Fwp%2Fv2%2Fmedia&parent=1340"}],"curies":[{"name":"wp","href":"https:\/\/api.w.org\/{rel}","templated":true}]}}