{"id":595,"date":"2017-03-27T14:29:45","date_gmt":"2017-03-27T12:29:45","guid":{"rendered":"http:\/\/web.fs.uni-lj.si\/avio\/?page_id=595"},"modified":"2024-01-15T12:41:28","modified_gmt":"2024-01-15T11:41:28","slug":"strokovne-ekskurzije","status":"publish","type":"page","link":"https:\/\/web.fs.uni-lj.si\/avio\/studij\/strokovne-ekskurzije\/","title":{"rendered":"Strokovne ekskurzije"},"content":{"rendered":"<div id=\"pl-595\"  class=\"panel-layout\" ><div id=\"pg-595-0\"  class=\"panel-grid panel-no-style\" ><div id=\"pgc-595-0-0\"  class=\"panel-grid-cell\" ><div id=\"panel-595-0-0-0\" class=\"so-panel widget widget_sow-editor panel-first-child panel-last-child\" data-index=\"0\" ><div\n\t\t\t\n\t\t\tclass=\"so-widget-sow-editor so-widget-sow-editor-base\"\n\t\t\t\n\t\t>\n<div class=\"siteorigin-widget-tinymce textwidget\">\n\t<p>Med \u0161tudijem na smeri so organizirane strokovne ekskurzije v podjetja, povezana z letalstvom kot npr. Fraport Slovenija, Adria Tehnika, Aeroservice, Pipistrel, Aero4M, Letali\u0161\u010de Cerklje, Kontrola zra\u010dnega prometa Slovenije, Letalska policijska enota, Preiskovanje letalskih nesre\u010d in incidentov, Solinair,... Tu \u0161tudentje pridobijo dodaten vpogled v stroko in spoznajo naravo dela pri potencialnih delodajalcih.<\/p>\n<p>&nbsp;<\/p>\n<hr \/>\n<\/div>\n<\/div><\/div><\/div><\/div><div id=\"pg-595-1\"  class=\"panel-grid panel-no-style\" ><div id=\"pgc-595-1-0\"  class=\"panel-grid-cell\" ><div id=\"panel-595-1-0-0\" class=\"so-panel widget widget_sow-editor panel-first-child\" data-index=\"1\" ><div\n\t\t\t\n\t\t\tclass=\"so-widget-sow-editor so-widget-sow-editor-base\"\n\t\t\t\n\t\t><h3 class=\"widget-title\">Adria Tehnika<\/h3>\n<div class=\"siteorigin-widget-tinymce textwidget\">\n\t<p>Ogled delavnice Adria Tehnike.<\/p>\n<\/div>\n<\/div><\/div><div id=\"panel-595-1-0-1\" class=\"so-panel widget widget_sow-slider\" data-index=\"2\" ><div\n\t\t\t\n\t\t\tclass=\"so-widget-sow-slider so-widget-sow-slider-default-2a677c6c4088-595\"\n\t\t\t\n\t\t>\t\t\t\t<div class=\"sow-slider-base\" style=\"display: none\" tabindex=\"0\">\n\t\t\t\t\t<ul\n\t\t\t\t\tclass=\"sow-slider-images\"\n\t\t\t\t\tdata-settings=\"{&quot;pagination&quot;:true,&quot;speed&quot;:800,&quot;timeout&quot;:5000,&quot;paused&quot;:false,&quot;pause_on_hover&quot;:false,&quot;swipe&quot;:true,&quot;nav_always_show_desktop&quot;:&quot;&quot;,&quot;nav_always_show_mobile&quot;:&quot;&quot;,&quot;breakpoint&quot;:&quot;780px&quot;,&quot;unmute&quot;:false,&quot;anchor&quot;:null}\"\n\t\t\t\t\t\t\t\t\t\tdata-anchor-id=\"\"\n\t\t\t\t>\t\t<li class=\"sow-slider-image\" style=\"visibility: visible;\" >\n\t\t\t\t\t\t<div class=\"sow-slider-image-container\">\n\t\t\t\t<div class=\"sow-slider-image-wrapper\" style=\"max-width: 1200px\">\n\t\t\t\t\t\t\t\t\t\t<div class=\"sow-slider-image-foreground-wrapper\">\n\t\t\t\t\t\t<img loading=\"lazy\" decoding=\"async\" width=\"1200\" height=\"740\" src=\"https:\/\/web.fs.uni-lj.si\/avio\/wp-content\/uploads\/2017\/03\/solinair1.jpg\" class=\"sow-slider-foreground-image\" alt=\"\" style=\"\" srcset=\"https:\/\/web.fs.uni-lj.si\/avio\/wp-content\/uploads\/2017\/03\/solinair1.jpg 1200w, https:\/\/web.fs.uni-lj.si\/avio\/wp-content\/uploads\/2017\/03\/solinair1-300x185.jpg 300w, https:\/\/web.fs.uni-lj.si\/avio\/wp-content\/uploads\/2017\/03\/solinair1-768x474.jpg 768w, https:\/\/web.fs.uni-lj.si\/avio\/wp-content\/uploads\/2017\/03\/solinair1-1024x631.jpg 1024w\" sizes=\"auto, (max-width: 1200px) 100vw, 1200px\" \/>\t\t\t\t\t<\/div>\n\t\t\t\t\t\t\t\t\t<\/div>\n\t\t\t<\/div>\n\t\t\t\t\t<\/li>\n\t\t<\/ul>\t\t\t\t<ol class=\"sow-slider-pagination\">\n\t\t\t\t\t\t\t\t\t\t\t<li><a href=\"#\" data-goto=\"0\" aria-label=\"Display slide 1\"><\/a><\/li>\n\t\t\t\t\t\t\t\t\t<\/ol>\n\n\t\t\t\t<div class=\"sow-slide-nav sow-slide-nav-next\">\n\t\t\t\t\t<a href=\"#\" data-goto=\"next\" aria-label=\"Next slide\" data-action=\"next\">\n\t\t\t\t\t\t<em class=\"sow-sld-icon-ultra-thin-rounded-right\"><\/em>\n\t\t\t\t\t<\/a>\n\t\t\t\t<\/div>\n\n\t\t\t\t<div class=\"sow-slide-nav sow-slide-nav-prev\">\n\t\t\t\t\t<a href=\"#\" data-goto=\"previous\" aria-label=\"Previous slide\" data-action=\"prev\">\n\t\t\t\t\t\t<em class=\"sow-sld-icon-ultra-thin-rounded-left\"><\/em>\n\t\t\t\t\t<\/a>\n\t\t\t\t<\/div>\n\t\t\t\t<\/div><\/div><\/div><div id=\"panel-595-1-0-2\" class=\"so-panel widget widget_sow-editor panel-last-child\" data-index=\"3\" ><div\n\t\t\t\n\t\t\tclass=\"so-widget-sow-editor so-widget-sow-editor-base\"\n\t\t\t\n\t\t>\n<div class=\"siteorigin-widget-tinymce textwidget\">\n\t<hr \/>\n<p>\u00a0<\/p>\n<\/div>\n<\/div><\/div><\/div><\/div><\/div>","protected":false},"excerpt":{"rendered":"<p>Med \u0161tudijem na smeri so organizirane strokovne ekskurzije v podjetja, povezana z letalstvom kot npr. Fraport Slovenija, Adria Tehnika, Aeroservice, Pipistrel, Aero4M, Letali\u0161\u010de Cerklje, Kontrola zra\u010dnega prometa Slovenije, Letalska policijska enota, Preiskovanje letalskih nesre\u010d in incidentov, Solinair,&#8230; Tu \u0161tudentje pridobijo dodaten vpogled v stroko in spoznajo naravo dela pri potencialnih delodajalcih. &nbsp; Ogled delavnice Adria [&hellip;]<\/p>\n","protected":false},"author":6,"featured_media":0,"parent":8,"menu_order":0,"comment_status":"closed","ping_status":"closed","template":"","meta":{"footnotes":""},"class_list":["post-595","page","type-page","status-publish","hentry"],"yoast_head":"<!-- This site is optimized with the Yoast SEO plugin v27.3 - https:\/\/yoast.com\/product\/yoast-seo-wordpress\/ -->\n<title>Strokovne ekskurzije &#8212; Laboratorij za aeronavtiko<\/title>\n<meta name=\"robots\" content=\"index, follow, max-snippet:-1, max-image-preview:large, max-video-preview:-1\" \/>\n<link rel=\"canonical\" href=\"https:\/\/web.fs.uni-lj.si\/avio\/studij\/strokovne-ekskurzije\/\" \/>\n<meta property=\"og:locale\" content=\"sl_SI\" \/>\n<meta property=\"og:type\" content=\"article\" \/>\n<meta property=\"og:title\" content=\"Strokovne ekskurzije &#8212; Laboratorij za aeronavtiko\" \/>\n<meta property=\"og:description\" content=\"Med \u0161tudijem na smeri so organizirane strokovne ekskurzije v podjetja, povezana z letalstvom kot npr. Fraport Slovenija, Adria Tehnika, Aeroservice, Pipistrel, Aero4M, Letali\u0161\u010de Cerklje, Kontrola zra\u010dnega prometa Slovenije, Letalska policijska enota, Preiskovanje letalskih nesre\u010d in incidentov, Solinair,... Tu \u0161tudentje pridobijo dodaten vpogled v stroko in spoznajo naravo dela pri potencialnih delodajalcih. &nbsp; Ogled delavnice Adria [&hellip;]\" \/>\n<meta property=\"og:url\" content=\"https:\/\/web.fs.uni-lj.si\/avio\/studij\/strokovne-ekskurzije\/\" \/>\n<meta property=\"og:site_name\" content=\"Laboratorij za aeronavtiko\" \/>\n<meta property=\"article:modified_time\" content=\"2024-01-15T11:41:28+00:00\" \/>\n<meta name=\"twitter:card\" content=\"summary_large_image\" \/>\n<script type=\"application\/ld+json\" class=\"yoast-schema-graph\">{\"@context\":\"https:\\\/\\\/schema.org\",\"@graph\":[{\"@type\":\"WebPage\",\"@id\":\"https:\\\/\\\/web.fs.uni-lj.si\\\/avio\\\/studij\\\/strokovne-ekskurzije\\\/\",\"url\":\"https:\\\/\\\/web.fs.uni-lj.si\\\/avio\\\/studij\\\/strokovne-ekskurzije\\\/\",\"name\":\"Strokovne ekskurzije &#8212; Laboratorij za aeronavtiko\",\"isPartOf\":{\"@id\":\"https:\\\/\\\/web.fs.uni-lj.si\\\/avio\\\/#website\"},\"datePublished\":\"2017-03-27T12:29:45+00:00\",\"dateModified\":\"2024-01-15T11:41:28+00:00\",\"breadcrumb\":{\"@id\":\"https:\\\/\\\/web.fs.uni-lj.si\\\/avio\\\/studij\\\/strokovne-ekskurzije\\\/#breadcrumb\"},\"inLanguage\":\"sl-SI\",\"potentialAction\":[{\"@type\":\"ReadAction\",\"target\":[\"https:\\\/\\\/web.fs.uni-lj.si\\\/avio\\\/studij\\\/strokovne-ekskurzije\\\/\"]}]},{\"@type\":\"BreadcrumbList\",\"@id\":\"https:\\\/\\\/web.fs.uni-lj.si\\\/avio\\\/studij\\\/strokovne-ekskurzije\\\/#breadcrumb\",\"itemListElement\":[{\"@type\":\"ListItem\",\"position\":1,\"name\":\"Home\",\"item\":\"https:\\\/\\\/web.fs.uni-lj.si\\\/avio\\\/\"},{\"@type\":\"ListItem\",\"position\":2,\"name\":\"\u0160tudij\",\"item\":\"https:\\\/\\\/web.fs.uni-lj.si\\\/avio\\\/studij\\\/\"},{\"@type\":\"ListItem\",\"position\":3,\"name\":\"Strokovne ekskurzije\"}]},{\"@type\":\"WebSite\",\"@id\":\"https:\\\/\\\/web.fs.uni-lj.si\\\/avio\\\/#website\",\"url\":\"https:\\\/\\\/web.fs.uni-lj.si\\\/avio\\\/\",\"name\":\"Laboratorij za aeronavtiko\",\"description\":\"Oddelek za letalstvo, Fakulteta za strojni\u0161tvo, UL\",\"potentialAction\":[{\"@type\":\"SearchAction\",\"target\":{\"@type\":\"EntryPoint\",\"urlTemplate\":\"https:\\\/\\\/web.fs.uni-lj.si\\\/avio\\\/?s={search_term_string}\"},\"query-input\":{\"@type\":\"PropertyValueSpecification\",\"valueRequired\":true,\"valueName\":\"search_term_string\"}}],\"inLanguage\":\"sl-SI\"}]}<\/script>\n<!-- \/ Yoast SEO plugin. -->","yoast_head_json":{"title":"Strokovne ekskurzije &#8212; Laboratorij za aeronavtiko","robots":{"index":"index","follow":"follow","max-snippet":"max-snippet:-1","max-image-preview":"max-image-preview:large","max-video-preview":"max-video-preview:-1"},"canonical":"https:\/\/web.fs.uni-lj.si\/avio\/studij\/strokovne-ekskurzije\/","og_locale":"sl_SI","og_type":"article","og_title":"Strokovne ekskurzije &#8212; Laboratorij za aeronavtiko","og_description":"Med \u0161tudijem na smeri so organizirane strokovne ekskurzije v podjetja, povezana z letalstvom kot npr. Fraport Slovenija, Adria Tehnika, Aeroservice, Pipistrel, Aero4M, Letali\u0161\u010de Cerklje, Kontrola zra\u010dnega prometa Slovenije, Letalska policijska enota, Preiskovanje letalskih nesre\u010d in incidentov, Solinair,... Tu \u0161tudentje pridobijo dodaten vpogled v stroko in spoznajo naravo dela pri potencialnih delodajalcih. &nbsp; Ogled delavnice Adria [&hellip;]","og_url":"https:\/\/web.fs.uni-lj.si\/avio\/studij\/strokovne-ekskurzije\/","og_site_name":"Laboratorij za aeronavtiko","article_modified_time":"2024-01-15T11:41:28+00:00","twitter_card":"summary_large_image","schema":{"@context":"https:\/\/schema.org","@graph":[{"@type":"WebPage","@id":"https:\/\/web.fs.uni-lj.si\/avio\/studij\/strokovne-ekskurzije\/","url":"https:\/\/web.fs.uni-lj.si\/avio\/studij\/strokovne-ekskurzije\/","name":"Strokovne ekskurzije &#8212; Laboratorij za aeronavtiko","isPartOf":{"@id":"https:\/\/web.fs.uni-lj.si\/avio\/#website"},"datePublished":"2017-03-27T12:29:45+00:00","dateModified":"2024-01-15T11:41:28+00:00","breadcrumb":{"@id":"https:\/\/web.fs.uni-lj.si\/avio\/studij\/strokovne-ekskurzije\/#breadcrumb"},"inLanguage":"sl-SI","potentialAction":[{"@type":"ReadAction","target":["https:\/\/web.fs.uni-lj.si\/avio\/studij\/strokovne-ekskurzije\/"]}]},{"@type":"BreadcrumbList","@id":"https:\/\/web.fs.uni-lj.si\/avio\/studij\/strokovne-ekskurzije\/#breadcrumb","itemListElement":[{"@type":"ListItem","position":1,"name":"Home","item":"https:\/\/web.fs.uni-lj.si\/avio\/"},{"@type":"ListItem","position":2,"name":"\u0160tudij","item":"https:\/\/web.fs.uni-lj.si\/avio\/studij\/"},{"@type":"ListItem","position":3,"name":"Strokovne ekskurzije"}]},{"@type":"WebSite","@id":"https:\/\/web.fs.uni-lj.si\/avio\/#website","url":"https:\/\/web.fs.uni-lj.si\/avio\/","name":"Laboratorij za aeronavtiko","description":"Oddelek za letalstvo, Fakulteta za strojni\u0161tvo, UL","potentialAction":[{"@type":"SearchAction","target":{"@type":"EntryPoint","urlTemplate":"https:\/\/web.fs.uni-lj.si\/avio\/?s={search_term_string}"},"query-input":{"@type":"PropertyValueSpecification","valueRequired":true,"valueName":"search_term_string"}}],"inLanguage":"sl-SI"}]}},"_links":{"self":[{"href":"https:\/\/web.fs.uni-lj.si\/avio\/wp-json\/wp\/v2\/pages\/595","targetHints":{"allow":["GET"]}}],"collection":[{"href":"https:\/\/web.fs.uni-lj.si\/avio\/wp-json\/wp\/v2\/pages"}],"about":[{"href":"https:\/\/web.fs.uni-lj.si\/avio\/wp-json\/wp\/v2\/types\/page"}],"author":[{"embeddable":true,"href":"https:\/\/web.fs.uni-lj.si\/avio\/wp-json\/wp\/v2\/users\/6"}],"replies":[{"embeddable":true,"href":"https:\/\/web.fs.uni-lj.si\/avio\/wp-json\/wp\/v2\/comments?post=595"}],"version-history":[{"count":5,"href":"https:\/\/web.fs.uni-lj.si\/avio\/wp-json\/wp\/v2\/pages\/595\/revisions"}],"predecessor-version":[{"id":886,"href":"https:\/\/web.fs.uni-lj.si\/avio\/wp-json\/wp\/v2\/pages\/595\/revisions\/886"}],"up":[{"embeddable":true,"href":"https:\/\/web.fs.uni-lj.si\/avio\/wp-json\/wp\/v2\/pages\/8"}],"wp:attachment":[{"href":"https:\/\/web.fs.uni-lj.si\/avio\/wp-json\/wp\/v2\/media?parent=595"}],"curies":[{"name":"wp","href":"https:\/\/api.w.org\/{rel}","templated":true}]}}