{"id":381,"date":"2017-03-20T15:11:44","date_gmt":"2017-03-20T14:11:44","guid":{"rendered":"http:\/\/web.fs.uni-lj.si\/avio\/?page_id=381"},"modified":"2021-01-19T09:44:20","modified_gmt":"2021-01-19T08:44:20","slug":"atpl","status":"publish","type":"page","link":"https:\/\/web.fs.uni-lj.si\/avio\/studij\/atpl\/","title":{"rendered":"ATPL"},"content":{"rendered":"<p>Fakulteta za strojni\u0161tvo na Univerzi v Ljubljani (FS), ima od Javne agencije za civilno letalstvo RS (CAA) podeljen certifikat, za izvajanje modularnega \u0161olanja za poklicne prometne pilote (prometnega pilota letala ATPL(A) ali prometnega pilota helikopterja ATPL(H)\/IR). To omogo\u010da da \u0161tudentje vpisani na smer Letalstvo in usmeritev Prometni pilot letala ali helikopterja, ob zagotovitvi ustreznih pogojev \u0161olanja, prejmejo potrdilo o opravljenem teoreti\u010dnem ATPL usposabljanju. S tem potrdilom se lahko pristopi k opravljanju teoreti\u010dnih izpitov pri <a href=\"https:\/\/www.caa.si\/teoreticni-izpiti.html\">CAA<\/a>.<\/p>\n<p>Podrobnosti \u0161olanja opredeljujejo \u0160olski izobra\u017eevalni priro\u010dnik (\u0160IP), \u0160olski operativni priro\u010dnik (\u0160OP) in Priro\u010dnik za zagotavljanje skladnosti in letalske varnosti (CMSMM), ki so shranjeni pri vodji usposabljanja pred. dr. Andreju Greben\u0161ku (soba 613). Cilj modularnega usposabljanja je podati \u0161tudentom znanje in napotke, ki so zahtevani v EASA Part-FCL za Prometnega pilota letala ATPL(A) in helikopterja ATPL(H)\/IR.<\/p>\n<p>\u0160tudent se mora za pridobitev potrdila o teoreti\u010dnem ATPL usposabljanju vpisati na Projektno aplikativni program FS in ob zaklju\u010dku prvega letnika izbrati smer Letalstvo. Nadalje je potrebno izbrati \u0161e usmeritev Prometni pilot letala\/helikopterja in si izbrati predmete, ki pokrivajo u\u010dne vsebine po programu EASE in so dolo\u010deni v Del-FCL (Part-FCL &#8211; Subpart F (ATPL), <a href=\"https:\/\/www.easa.europa.eu\/sites\/default\/files\/dfu\/Part-FCL.pdf\">FCL.515 (b)<\/a>). Na FS te vsebine pokrivajo predmeti:<\/p>\n<table style=\"height: 373px;\" width=\"576\">\n<tbody>\n<tr>\n<td>\u00a0<\/td>\n<td><strong>ATPL(A)<\/strong><\/td>\n<td><strong>ATPL(H)\/IR<\/strong><\/td>\n<\/tr>\n<tr>\n<td>1<\/td>\n<td>Letalska aeromehanika inletalske konstrukcije<\/td>\n<td>Letalska aeromehanika inletalske konstrukcije<\/td>\n<\/tr>\n<tr>\n<td>2<\/td>\n<td>Letalski instrumenti<\/td>\n<td>Letalski instrumenti<\/td>\n<\/tr>\n<tr>\n<td>3<\/td>\n<td>Letalska meteorologija<\/td>\n<td>Letalska meteorologija<\/td>\n<\/tr>\n<tr>\n<td>4<\/td>\n<td>Letalski motorji 1<\/td>\n<td>Letalski motorji 1<\/td>\n<\/tr>\n<tr>\n<td>5<\/td>\n<td>Sistemi na letalu<\/td>\n<td>Sistemi na letalu<\/td>\n<\/tr>\n<tr>\n<td>6<\/td>\n<td>Letalsko pravo in predpisi<\/td>\n<td>Letalsko pravo in predpisi<\/td>\n<\/tr>\n<tr>\n<td>7<\/td>\n<td>Letalska navigacija 1<\/td>\n<td>Letalska navigacija 1<\/td>\n<\/tr>\n<tr>\n<td>8<\/td>\n<td>Letalski motorji 2<\/td>\n<td>Letalski motorji 2<\/td>\n<\/tr>\n<tr>\n<td>9<\/td>\n<td>Letalska medicina in psihologija<\/td>\n<td>Letalska medicina in psihologija<\/td>\n<\/tr>\n<tr>\n<td>10<\/td>\n<td>Letalska frazeologija<\/td>\n<td>Letalska frazeologija<\/td>\n<\/tr>\n<tr>\n<td>11<\/td>\n<td>Letalska navigacija 2<\/td>\n<td>Letalska navigacija 2<\/td>\n<\/tr>\n<tr>\n<td>12<\/td>\n<td>Mehanika leta letala<\/td>\n<td>Mehanika leta helikopterja<\/td>\n<\/tr>\n<tr>\n<td>13<\/td>\n<td>Operativni postopki letal<\/td>\n<td>Operativni postopki helikopterjev<\/td>\n<\/tr>\n<tr>\n<td>14<\/td>\n<td>Zmogljivosti letal<\/td>\n<td>Zmogljivosti helikopterjev<\/td>\n<\/tr>\n<\/tbody>\n<\/table>\n<p>Do pri\u010detka izvajanja ATPL usposabljanja (<strong>4 semester \u0161tudija<\/strong>), mora \u0161tudent predlo\u017eiti tudi veljavno <strong>licenco zasebnega pilota letala PPL(A)<\/strong> ali licenco zasebnega pilota helikopterja PPL(H).<\/p>\n<p>Kandidati zadostijo pogojem za izdajo potrdila o teoreti\u010dnem ATPL usposabljanju, \u010de imajo pri vseh ATPL predmetih vsaj <strong>80% prisotnost<\/strong> in <strong>75% uspe\u0161nost<\/strong>. Poleg tega, morajo vse ATPL obveznosti opraviti v obdobju usposabljanja, torej <strong>v roku 18 mesecev<\/strong> (od za\u010detka 4. semestra, do konca 6. semestra).<\/p>\n\n\n","protected":false},"excerpt":{"rendered":"<p>Fakulteta za strojni\u0161tvo na Univerzi v Ljubljani (FS), ima od Javne agencije za civilno letalstvo RS (CAA) podeljen certifikat, za izvajanje modularnega \u0161olanja za poklicne prometne pilote (prometnega pilota letala ATPL(A) ali prometnega pilota helikopterja ATPL(H)\/IR). To omogo\u010da da \u0161tudentje vpisani na smer Letalstvo in usmeritev Prometni pilot letala ali helikopterja, ob zagotovitvi ustreznih pogojev [&hellip;]<\/p>\n","protected":false},"author":4,"featured_media":0,"parent":8,"menu_order":0,"comment_status":"closed","ping_status":"closed","template":"","meta":{"footnotes":""},"class_list":["post-381","page","type-page","status-publish","hentry"],"yoast_head":"<!-- This site is optimized with the Yoast SEO plugin v27.3 - https:\/\/yoast.com\/product\/yoast-seo-wordpress\/ -->\n<title>ATPL &#8212; Laboratorij za aeronavtiko<\/title>\n<meta name=\"robots\" content=\"index, follow, max-snippet:-1, max-image-preview:large, max-video-preview:-1\" \/>\n<link rel=\"canonical\" href=\"https:\/\/web.fs.uni-lj.si\/avio\/studij\/atpl\/\" \/>\n<meta property=\"og:locale\" content=\"sl_SI\" \/>\n<meta property=\"og:type\" content=\"article\" \/>\n<meta property=\"og:title\" content=\"ATPL &#8212; Laboratorij za aeronavtiko\" \/>\n<meta property=\"og:description\" content=\"Fakulteta za strojni\u0161tvo na Univerzi v Ljubljani (FS), ima od Javne agencije za civilno letalstvo RS (CAA) podeljen certifikat, za izvajanje modularnega \u0161olanja za poklicne prometne pilote (prometnega pilota letala ATPL(A) ali prometnega pilota helikopterja ATPL(H)\/IR). To omogo\u010da da \u0161tudentje vpisani na smer Letalstvo in usmeritev Prometni pilot letala ali helikopterja, ob zagotovitvi ustreznih pogojev [&hellip;]\" \/>\n<meta property=\"og:url\" content=\"https:\/\/web.fs.uni-lj.si\/avio\/studij\/atpl\/\" \/>\n<meta property=\"og:site_name\" content=\"Laboratorij za aeronavtiko\" \/>\n<meta property=\"article:modified_time\" content=\"2021-01-19T08:44:20+00:00\" \/>\n<meta name=\"twitter:card\" content=\"summary_large_image\" \/>\n<script type=\"application\/ld+json\" class=\"yoast-schema-graph\">{\"@context\":\"https:\\\/\\\/schema.org\",\"@graph\":[{\"@type\":\"WebPage\",\"@id\":\"https:\\\/\\\/web.fs.uni-lj.si\\\/avio\\\/studij\\\/atpl\\\/\",\"url\":\"https:\\\/\\\/web.fs.uni-lj.si\\\/avio\\\/studij\\\/atpl\\\/\",\"name\":\"ATPL &#8212; Laboratorij za aeronavtiko\",\"isPartOf\":{\"@id\":\"https:\\\/\\\/web.fs.uni-lj.si\\\/avio\\\/#website\"},\"datePublished\":\"2017-03-20T14:11:44+00:00\",\"dateModified\":\"2021-01-19T08:44:20+00:00\",\"breadcrumb\":{\"@id\":\"https:\\\/\\\/web.fs.uni-lj.si\\\/avio\\\/studij\\\/atpl\\\/#breadcrumb\"},\"inLanguage\":\"sl-SI\",\"potentialAction\":[{\"@type\":\"ReadAction\",\"target\":[\"https:\\\/\\\/web.fs.uni-lj.si\\\/avio\\\/studij\\\/atpl\\\/\"]}]},{\"@type\":\"BreadcrumbList\",\"@id\":\"https:\\\/\\\/web.fs.uni-lj.si\\\/avio\\\/studij\\\/atpl\\\/#breadcrumb\",\"itemListElement\":[{\"@type\":\"ListItem\",\"position\":1,\"name\":\"Home\",\"item\":\"https:\\\/\\\/web.fs.uni-lj.si\\\/avio\\\/\"},{\"@type\":\"ListItem\",\"position\":2,\"name\":\"\u0160tudij\",\"item\":\"https:\\\/\\\/web.fs.uni-lj.si\\\/avio\\\/studij\\\/\"},{\"@type\":\"ListItem\",\"position\":3,\"name\":\"ATPL\"}]},{\"@type\":\"WebSite\",\"@id\":\"https:\\\/\\\/web.fs.uni-lj.si\\\/avio\\\/#website\",\"url\":\"https:\\\/\\\/web.fs.uni-lj.si\\\/avio\\\/\",\"name\":\"Laboratorij za aeronavtiko\",\"description\":\"Oddelek za letalstvo, Fakulteta za strojni\u0161tvo, UL\",\"potentialAction\":[{\"@type\":\"SearchAction\",\"target\":{\"@type\":\"EntryPoint\",\"urlTemplate\":\"https:\\\/\\\/web.fs.uni-lj.si\\\/avio\\\/?s={search_term_string}\"},\"query-input\":{\"@type\":\"PropertyValueSpecification\",\"valueRequired\":true,\"valueName\":\"search_term_string\"}}],\"inLanguage\":\"sl-SI\"}]}<\/script>\n<!-- \/ Yoast SEO plugin. -->","yoast_head_json":{"title":"ATPL &#8212; Laboratorij za aeronavtiko","robots":{"index":"index","follow":"follow","max-snippet":"max-snippet:-1","max-image-preview":"max-image-preview:large","max-video-preview":"max-video-preview:-1"},"canonical":"https:\/\/web.fs.uni-lj.si\/avio\/studij\/atpl\/","og_locale":"sl_SI","og_type":"article","og_title":"ATPL &#8212; Laboratorij za aeronavtiko","og_description":"Fakulteta za strojni\u0161tvo na Univerzi v Ljubljani (FS), ima od Javne agencije za civilno letalstvo RS (CAA) podeljen certifikat, za izvajanje modularnega \u0161olanja za poklicne prometne pilote (prometnega pilota letala ATPL(A) ali prometnega pilota helikopterja ATPL(H)\/IR). To omogo\u010da da \u0161tudentje vpisani na smer Letalstvo in usmeritev Prometni pilot letala ali helikopterja, ob zagotovitvi ustreznih pogojev [&hellip;]","og_url":"https:\/\/web.fs.uni-lj.si\/avio\/studij\/atpl\/","og_site_name":"Laboratorij za aeronavtiko","article_modified_time":"2021-01-19T08:44:20+00:00","twitter_card":"summary_large_image","schema":{"@context":"https:\/\/schema.org","@graph":[{"@type":"WebPage","@id":"https:\/\/web.fs.uni-lj.si\/avio\/studij\/atpl\/","url":"https:\/\/web.fs.uni-lj.si\/avio\/studij\/atpl\/","name":"ATPL &#8212; Laboratorij za aeronavtiko","isPartOf":{"@id":"https:\/\/web.fs.uni-lj.si\/avio\/#website"},"datePublished":"2017-03-20T14:11:44+00:00","dateModified":"2021-01-19T08:44:20+00:00","breadcrumb":{"@id":"https:\/\/web.fs.uni-lj.si\/avio\/studij\/atpl\/#breadcrumb"},"inLanguage":"sl-SI","potentialAction":[{"@type":"ReadAction","target":["https:\/\/web.fs.uni-lj.si\/avio\/studij\/atpl\/"]}]},{"@type":"BreadcrumbList","@id":"https:\/\/web.fs.uni-lj.si\/avio\/studij\/atpl\/#breadcrumb","itemListElement":[{"@type":"ListItem","position":1,"name":"Home","item":"https:\/\/web.fs.uni-lj.si\/avio\/"},{"@type":"ListItem","position":2,"name":"\u0160tudij","item":"https:\/\/web.fs.uni-lj.si\/avio\/studij\/"},{"@type":"ListItem","position":3,"name":"ATPL"}]},{"@type":"WebSite","@id":"https:\/\/web.fs.uni-lj.si\/avio\/#website","url":"https:\/\/web.fs.uni-lj.si\/avio\/","name":"Laboratorij za aeronavtiko","description":"Oddelek za letalstvo, Fakulteta za strojni\u0161tvo, UL","potentialAction":[{"@type":"SearchAction","target":{"@type":"EntryPoint","urlTemplate":"https:\/\/web.fs.uni-lj.si\/avio\/?s={search_term_string}"},"query-input":{"@type":"PropertyValueSpecification","valueRequired":true,"valueName":"search_term_string"}}],"inLanguage":"sl-SI"}]}},"_links":{"self":[{"href":"https:\/\/web.fs.uni-lj.si\/avio\/wp-json\/wp\/v2\/pages\/381","targetHints":{"allow":["GET"]}}],"collection":[{"href":"https:\/\/web.fs.uni-lj.si\/avio\/wp-json\/wp\/v2\/pages"}],"about":[{"href":"https:\/\/web.fs.uni-lj.si\/avio\/wp-json\/wp\/v2\/types\/page"}],"author":[{"embeddable":true,"href":"https:\/\/web.fs.uni-lj.si\/avio\/wp-json\/wp\/v2\/users\/4"}],"replies":[{"embeddable":true,"href":"https:\/\/web.fs.uni-lj.si\/avio\/wp-json\/wp\/v2\/comments?post=381"}],"version-history":[{"count":5,"href":"https:\/\/web.fs.uni-lj.si\/avio\/wp-json\/wp\/v2\/pages\/381\/revisions"}],"predecessor-version":[{"id":2248,"href":"https:\/\/web.fs.uni-lj.si\/avio\/wp-json\/wp\/v2\/pages\/381\/revisions\/2248"}],"up":[{"embeddable":true,"href":"https:\/\/web.fs.uni-lj.si\/avio\/wp-json\/wp\/v2\/pages\/8"}],"wp:attachment":[{"href":"https:\/\/web.fs.uni-lj.si\/avio\/wp-json\/wp\/v2\/media?parent=381"}],"curies":[{"name":"wp","href":"https:\/\/api.w.org\/{rel}","templated":true}]}}