{"id":379,"date":"2017-03-20T15:07:12","date_gmt":"2017-03-20T14:07:12","guid":{"rendered":"http:\/\/web.fs.uni-lj.si\/avio\/?page_id=379"},"modified":"2024-07-22T14:17:23","modified_gmt":"2024-07-22T12:17:23","slug":"praksa","status":"publish","type":"page","link":"https:\/\/web.fs.uni-lj.si\/avio\/studij\/praksa\/","title":{"rendered":"Prakti\u010dno usposabljanje"},"content":{"rendered":"<p>V predmetniku \u0161tudentov PAP programa, je tudi prakti\u010dno usposabljanje. Tega lahko opravite v podjetju, laboratoriju ali pa z letenjem. Financiranje naleta si kandidati zagotovijo sami.<\/p>\n<p>\u0160tudent se mora v okviru predmeta\u00a0<em>Praksa<\/em>\u00a0<strong>udele\u017eiti<\/strong>\u00a0<strong>delavnic iz mehkih ve\u0161\u010din v<\/strong>\u00a0<strong>obsegu 8 pedago\u0161kih ur<\/strong>. \u0160tudentski referat enkrat na mesec na\u00a0<a href=\"https:\/\/www.fs.uni-lj.si\/sporocila\">spletni strani UL FS<\/a>\u00a0objavi seznam vseh delavnic iz mehkih ve\u0161\u010din. Delavnice iz mehkih ve\u0161\u010din se izvajajo od oktobra do maja.<\/p>\n<p>Navodila so povzeta od <a href=\"https:\/\/www.fs.uni-lj.si\/studij\/studij-1-stopnje\/vs\/splosne-informacije\/#tab_12_2\">tu<\/a> in dopolnjena.<\/p>\n<h2>Soglasje, plan dela in pogodba<\/h2>\n<p>V kolikor se odlo\u010dite za opravljanje dela v podjetju ali laboratoriju, najprej na <a href=\"mailto:igor.petrovic@fs.uni-lj.si\">igor.petrovic@fs.uni-lj.si<\/a> po\u0161ljete popolno izpolnjeno in podpisano <strong><a href=\"https:\/\/www.fs.uni-lj.si\/wp-content\/uploads\/2023\/11\/Sooglasje-mentorjev-PAP-program-PRAKSA.pdf\">Soglasje mentorjev<\/a><\/strong> (tudi s podatki o mentorju na FS: dr. Igor Petrovi\u0107, igor.petrovic@fs.uni-lj.si, 01\/4771-613) in <strong>plan dela<\/strong> (<a href=\"https:\/\/www.fs.uni-lj.si\/wp-content\/uploads\/2022\/08\/VZOREC-Program-dela-za-Prakticno-usposabljanje-1stopnja-RRP-k-1.pdf\">vzorec<\/a>). Dokumenta poimenujte na na\u010din <strong><em>Ime_Priimek_soglasje.pdf<\/em><\/strong> in <em><strong>Ime_Priimek_plan.pdf<\/strong>.<\/em><\/p>\n<p>Oba dokumenta potem mentor na FS pregleda in podpi\u0161e, ter po\u0161lje koordinatorju na FS, ki za kandidata pripravi pogodbo in vam jo po\u0161lje po elektronski po\u0161ti. Po podpisu pogodbe, jo kandidat skenira in vrne na mail koordinatorju na FS (<a href=\"mailto:praksa@fs.uni-lj.si\">praksa@fs.uni-lj.si<\/a>). <span style=\"text-decoration: underline;\">Po podpisu pogodbe lahko pri\u010dnete z opravljanjem prakse.<\/span><\/p>\n<p>V kolikor \u017eelite za opravljanje prakse uveljaviti \u0161olanje za <strong>PPL<\/strong>, izpolnite \u010das prakti\u010dnega usposabljanja v soglasju, ki odra\u017ea \u010das opravljanja PPL te\u010daja (teorija in nalet). Kot podjetje navedete FS, kot mentorja zgolj mentorja na FS.<\/p>\n<h2>Tedenska poro\u010dila<\/h2>\n<p>V tedenskem poro\u010dilu na kratko opi\u0161ite va\u0161e delo, poro\u010dilo pa mora podpisati tudi mentor v podjetju. Podpisana <a href=\"https:\/\/www.fs.uni-lj.si\/wp-content\/uploads\/2023\/11\/Tedensko-porocilo-o-delu-PAP-program-PRAKSA.pdf\">tedenska poro\u010dila<\/a> po\u0161iljajte po mailu ob koncu vsakega tedna, ko poteka praksa. Glede na vsebino poro\u010dil se z mentorjem na FS dogovori glede vsebine kon\u010dnega poro\u010dila. Dokumente poimenujte <strong><em>Ime_Priimek_\u0161t.tedna.pdf<\/em><\/strong> (\u0161t. tedna:01,02,03,04).<\/p>\n<p>\u010ce za prakti\u010dno usposabljanje uveljavljate <strong>PPL<\/strong>, vam tedenskih poro\u010dil ni potrebno oddati.<\/p>\n<h2>Zaklju\u010dno poro\u010dilo<\/h2>\n\n\n<p>V zaklju\u010dnem poro\u010dilu naj bo predstavljeno va\u0161e prakti\u010dno delo. Sestavlja ga: <\/p>\n\n\n\n<ul class=\"wp-block-list\">\n<li><a href=\"https:\/\/www.fs.uni-lj.si\/wp-content\/uploads\/2023\/11\/Projektni-praktikum-PRAKSA-Predloga-za-porocilo.pdf\">Prva stran poro\u010dila<\/a> <\/li>\n\n\n\n<li>sken pogodbe (ali potrdilo o zaposlitvi, \u010de je kandidat zaposlen), <\/li>\n\n\n\n<li>tedenska poro\u010dila,<\/li>\n\n\n\n<li>kazalo,<\/li>\n\n\n\n<li>uvod,<\/li>\n\n\n\n<li>ostala vsebina (po presoji),<\/li>\n\n\n\n<li>zaklju\u010dek,  <\/li>\n\n\n\n<li>literatura,<\/li>\n\n\n\n<li>morebitne priloge,<\/li>\n\n\n\n<li><a href=\"https:\/\/www.fs.uni-lj.si\/wp-content\/uploads\/2023\/11\/Zakljucno-porocilo-Praksa.pdf\">ocenjevalni list<\/a><\/li>\n<\/ul>\n\n\n\n<p>V poro\u010dilu uporabite primerno sklicevanje (na slike, preglednice,\u2026) ter citiranje literature. Predstavite izzive s katerimi ste se med prakso sre\u010devali ter podajte re\u0161itve. Datoteko poimenujete <strong><em>Ime_Priimek_koncno.pdf<\/em><\/strong> in podpisano s strani mentorja v podjetju po\u0161ljite po elektronski po\u0161ti.<\/p>\n\n\n\n<p>Piloti s pridobljeno <strong>PPL<\/strong> licenco, v zaklju\u010dnem poro\u010dilu ne dodajate pogodbe ter tedenskih poro\u010dil. Namesto tedenskih poro\u010dil v poro\u010dilu prilo\u017eite sken PPL licence. Poro\u010dilo naj povzame potek teoreti\u010dnega in prakti\u010dnega usposabljanja v letalski \u0161oli. Poudarki naj bodo na odkrivanju in odpravljanju napak med prakti\u010dnim usposabljanjem. Opi\u0161ite tudi pripravo na dalj\u0161i let z vsem potrebnim na\u010drtovanjem (vreme, zapore, na\u010drt letali\u0161\u010d in procedur, izra\u010dun te\u017ei\u0161\u010da, zmogljivosti, navigacijski na\u010drt, &#8230;) in realizacijo.<\/p>","protected":false},"excerpt":{"rendered":"<p>V predmetniku \u0161tudentov PAP programa, je tudi prakti\u010dno usposabljanje. Tega lahko opravite v podjetju, laboratoriju ali pa z letenjem. Financiranje naleta si kandidati zagotovijo sami. \u0160tudent se mora v okviru predmeta\u00a0Praksa\u00a0udele\u017eiti\u00a0delavnic iz mehkih ve\u0161\u010din v\u00a0obsegu 8 pedago\u0161kih ur. \u0160tudentski referat enkrat na mesec na\u00a0spletni strani UL FS\u00a0objavi seznam vseh delavnic iz mehkih ve\u0161\u010din. Delavnice iz [&hellip;]<\/p>\n","protected":false},"author":2,"featured_media":0,"parent":8,"menu_order":0,"comment_status":"closed","ping_status":"closed","template":"","meta":{"footnotes":""},"class_list":["post-379","page","type-page","status-publish","hentry"],"yoast_head":"<!-- This site is optimized with the Yoast SEO plugin v27.3 - https:\/\/yoast.com\/product\/yoast-seo-wordpress\/ -->\n<title>Prakti\u010dno usposabljanje &#8212; Laboratorij za aeronavtiko<\/title>\n<meta name=\"robots\" content=\"index, follow, max-snippet:-1, max-image-preview:large, max-video-preview:-1\" \/>\n<link rel=\"canonical\" href=\"https:\/\/web.fs.uni-lj.si\/avio\/studij\/praksa\/\" \/>\n<meta property=\"og:locale\" content=\"sl_SI\" \/>\n<meta property=\"og:type\" content=\"article\" \/>\n<meta property=\"og:title\" content=\"Prakti\u010dno usposabljanje &#8212; Laboratorij za aeronavtiko\" \/>\n<meta property=\"og:description\" content=\"V predmetniku \u0161tudentov PAP programa, je tudi prakti\u010dno usposabljanje. Tega lahko opravite v podjetju, laboratoriju ali pa z letenjem. Financiranje naleta si kandidati zagotovijo sami. \u0160tudent se mora v okviru predmeta\u00a0Praksa\u00a0udele\u017eiti\u00a0delavnic iz mehkih ve\u0161\u010din v\u00a0obsegu 8 pedago\u0161kih ur. \u0160tudentski referat enkrat na mesec na\u00a0spletni strani UL FS\u00a0objavi seznam vseh delavnic iz mehkih ve\u0161\u010din. Delavnice iz [&hellip;]\" \/>\n<meta property=\"og:url\" content=\"https:\/\/web.fs.uni-lj.si\/avio\/studij\/praksa\/\" \/>\n<meta property=\"og:site_name\" content=\"Laboratorij za aeronavtiko\" \/>\n<meta property=\"article:modified_time\" content=\"2024-07-22T12:17:23+00:00\" \/>\n<meta name=\"twitter:card\" content=\"summary_large_image\" \/>\n<script type=\"application\/ld+json\" class=\"yoast-schema-graph\">{\"@context\":\"https:\\\/\\\/schema.org\",\"@graph\":[{\"@type\":\"WebPage\",\"@id\":\"https:\\\/\\\/web.fs.uni-lj.si\\\/avio\\\/studij\\\/praksa\\\/\",\"url\":\"https:\\\/\\\/web.fs.uni-lj.si\\\/avio\\\/studij\\\/praksa\\\/\",\"name\":\"Prakti\u010dno usposabljanje &#8212; Laboratorij za aeronavtiko\",\"isPartOf\":{\"@id\":\"https:\\\/\\\/web.fs.uni-lj.si\\\/avio\\\/#website\"},\"datePublished\":\"2017-03-20T14:07:12+00:00\",\"dateModified\":\"2024-07-22T12:17:23+00:00\",\"breadcrumb\":{\"@id\":\"https:\\\/\\\/web.fs.uni-lj.si\\\/avio\\\/studij\\\/praksa\\\/#breadcrumb\"},\"inLanguage\":\"sl-SI\",\"potentialAction\":[{\"@type\":\"ReadAction\",\"target\":[\"https:\\\/\\\/web.fs.uni-lj.si\\\/avio\\\/studij\\\/praksa\\\/\"]}]},{\"@type\":\"BreadcrumbList\",\"@id\":\"https:\\\/\\\/web.fs.uni-lj.si\\\/avio\\\/studij\\\/praksa\\\/#breadcrumb\",\"itemListElement\":[{\"@type\":\"ListItem\",\"position\":1,\"name\":\"Home\",\"item\":\"https:\\\/\\\/web.fs.uni-lj.si\\\/avio\\\/\"},{\"@type\":\"ListItem\",\"position\":2,\"name\":\"\u0160tudij\",\"item\":\"https:\\\/\\\/web.fs.uni-lj.si\\\/avio\\\/studij\\\/\"},{\"@type\":\"ListItem\",\"position\":3,\"name\":\"Prakti\u010dno usposabljanje\"}]},{\"@type\":\"WebSite\",\"@id\":\"https:\\\/\\\/web.fs.uni-lj.si\\\/avio\\\/#website\",\"url\":\"https:\\\/\\\/web.fs.uni-lj.si\\\/avio\\\/\",\"name\":\"Laboratorij za aeronavtiko\",\"description\":\"Oddelek za letalstvo, Fakulteta za strojni\u0161tvo, UL\",\"potentialAction\":[{\"@type\":\"SearchAction\",\"target\":{\"@type\":\"EntryPoint\",\"urlTemplate\":\"https:\\\/\\\/web.fs.uni-lj.si\\\/avio\\\/?s={search_term_string}\"},\"query-input\":{\"@type\":\"PropertyValueSpecification\",\"valueRequired\":true,\"valueName\":\"search_term_string\"}}],\"inLanguage\":\"sl-SI\"}]}<\/script>\n<!-- \/ Yoast SEO plugin. -->","yoast_head_json":{"title":"Prakti\u010dno usposabljanje &#8212; Laboratorij za aeronavtiko","robots":{"index":"index","follow":"follow","max-snippet":"max-snippet:-1","max-image-preview":"max-image-preview:large","max-video-preview":"max-video-preview:-1"},"canonical":"https:\/\/web.fs.uni-lj.si\/avio\/studij\/praksa\/","og_locale":"sl_SI","og_type":"article","og_title":"Prakti\u010dno usposabljanje &#8212; Laboratorij za aeronavtiko","og_description":"V predmetniku \u0161tudentov PAP programa, je tudi prakti\u010dno usposabljanje. Tega lahko opravite v podjetju, laboratoriju ali pa z letenjem. Financiranje naleta si kandidati zagotovijo sami. \u0160tudent se mora v okviru predmeta\u00a0Praksa\u00a0udele\u017eiti\u00a0delavnic iz mehkih ve\u0161\u010din v\u00a0obsegu 8 pedago\u0161kih ur. \u0160tudentski referat enkrat na mesec na\u00a0spletni strani UL FS\u00a0objavi seznam vseh delavnic iz mehkih ve\u0161\u010din. Delavnice iz [&hellip;]","og_url":"https:\/\/web.fs.uni-lj.si\/avio\/studij\/praksa\/","og_site_name":"Laboratorij za aeronavtiko","article_modified_time":"2024-07-22T12:17:23+00:00","twitter_card":"summary_large_image","schema":{"@context":"https:\/\/schema.org","@graph":[{"@type":"WebPage","@id":"https:\/\/web.fs.uni-lj.si\/avio\/studij\/praksa\/","url":"https:\/\/web.fs.uni-lj.si\/avio\/studij\/praksa\/","name":"Prakti\u010dno usposabljanje &#8212; Laboratorij za aeronavtiko","isPartOf":{"@id":"https:\/\/web.fs.uni-lj.si\/avio\/#website"},"datePublished":"2017-03-20T14:07:12+00:00","dateModified":"2024-07-22T12:17:23+00:00","breadcrumb":{"@id":"https:\/\/web.fs.uni-lj.si\/avio\/studij\/praksa\/#breadcrumb"},"inLanguage":"sl-SI","potentialAction":[{"@type":"ReadAction","target":["https:\/\/web.fs.uni-lj.si\/avio\/studij\/praksa\/"]}]},{"@type":"BreadcrumbList","@id":"https:\/\/web.fs.uni-lj.si\/avio\/studij\/praksa\/#breadcrumb","itemListElement":[{"@type":"ListItem","position":1,"name":"Home","item":"https:\/\/web.fs.uni-lj.si\/avio\/"},{"@type":"ListItem","position":2,"name":"\u0160tudij","item":"https:\/\/web.fs.uni-lj.si\/avio\/studij\/"},{"@type":"ListItem","position":3,"name":"Prakti\u010dno usposabljanje"}]},{"@type":"WebSite","@id":"https:\/\/web.fs.uni-lj.si\/avio\/#website","url":"https:\/\/web.fs.uni-lj.si\/avio\/","name":"Laboratorij za aeronavtiko","description":"Oddelek za letalstvo, Fakulteta za strojni\u0161tvo, UL","potentialAction":[{"@type":"SearchAction","target":{"@type":"EntryPoint","urlTemplate":"https:\/\/web.fs.uni-lj.si\/avio\/?s={search_term_string}"},"query-input":{"@type":"PropertyValueSpecification","valueRequired":true,"valueName":"search_term_string"}}],"inLanguage":"sl-SI"}]}},"_links":{"self":[{"href":"https:\/\/web.fs.uni-lj.si\/avio\/wp-json\/wp\/v2\/pages\/379","targetHints":{"allow":["GET"]}}],"collection":[{"href":"https:\/\/web.fs.uni-lj.si\/avio\/wp-json\/wp\/v2\/pages"}],"about":[{"href":"https:\/\/web.fs.uni-lj.si\/avio\/wp-json\/wp\/v2\/types\/page"}],"author":[{"embeddable":true,"href":"https:\/\/web.fs.uni-lj.si\/avio\/wp-json\/wp\/v2\/users\/2"}],"replies":[{"embeddable":true,"href":"https:\/\/web.fs.uni-lj.si\/avio\/wp-json\/wp\/v2\/comments?post=379"}],"version-history":[{"count":5,"href":"https:\/\/web.fs.uni-lj.si\/avio\/wp-json\/wp\/v2\/pages\/379\/revisions"}],"predecessor-version":[{"id":34024,"href":"https:\/\/web.fs.uni-lj.si\/avio\/wp-json\/wp\/v2\/pages\/379\/revisions\/34024"}],"up":[{"embeddable":true,"href":"https:\/\/web.fs.uni-lj.si\/avio\/wp-json\/wp\/v2\/pages\/8"}],"wp:attachment":[{"href":"https:\/\/web.fs.uni-lj.si\/avio\/wp-json\/wp\/v2\/media?parent=379"}],"curies":[{"name":"wp","href":"https:\/\/api.w.org\/{rel}","templated":true}]}}