{"id":34042,"date":"2025-04-01T14:11:48","date_gmt":"2025-04-01T12:11:48","guid":{"rendered":"https:\/\/web.fs.uni-lj.si\/avio\/?page_id=34042"},"modified":"2025-04-25T12:02:04","modified_gmt":"2025-04-25T10:02:04","slug":"osnovno-upravljanje-z-brezpilotnimi-letalniki-droni","status":"publish","type":"page","link":"https:\/\/web.fs.uni-lj.si\/avio\/osnovno-upravljanje-z-brezpilotnimi-letalniki-droni\/","title":{"rendered":"Osnovno upravljanje z brezpilotnimi letalniki (droni)"},"content":{"rendered":"<p>Zaradi nara\u0161\u010dajo\u010dega \u0161tevila letov z droni, ki pogosto niso skladni z letalskimi predpisi, Fakulteta za strojni\u0161tvo Univerze v Ljubljani v okviru Na\u010drta za okrevanje in odpornost (NOO) izvaja kraj\u0161e izobra\u017eevanje za pridobitev mikrodokazil s podro\u010dja osnovnega upravljanja z brezpilotnimi letalniki (droni). Usposabljanje je namenjeno vsem, ki \u017eelijo pridobiti prakti\u010dna znanja za varno in odgovorno upravljanje dronov v skladu z veljavno zakonodajo, predhodne izku\u0161nje za pristop k izobra\u017eevanju niso potrebne.<\/p>\n\n\n\n<p>Mikrodokazilo pokriva podro\u010dje hitrega razvoja in \u0161ir\u0161e dostopnosti brezpilotnih letalnikov (dronov), katera skupaj z nenehnim posodabljanjem zakonodaje, pove\u010dujeta potrebo po specifi\u010dnih znanjih in kompetencah s podro\u010dja letalstva tako pri delodajalcih in zaposlenih, kot tudi pri osebnih uporabnikih dronov. Uporaba dronov za daljinsko zaznavanje v razli\u010dnih panogah, kot so kmetijstvo, geodezija, industrija, iskanje in re\u0161evanje, nadzor ter umetnost, omogo\u010da nove inovativne pristope in prispeva k razvoju teh podro\u010dij.<\/p>\n\n\n\n<figure class=\"wp-block-gallery has-nested-images columns-default is-cropped wp-block-gallery-1 is-layout-flex wp-block-gallery-is-layout-flex\">\n<figure class=\"wp-block-image size-large\"><img loading=\"lazy\" decoding=\"async\" width=\"1024\" height=\"714\" data-id=\"34050\" src=\"https:\/\/web.fs.uni-lj.si\/avio\/wp-content\/uploads\/2025\/04\/IMG_7471-1-1024x714.jpg\" alt=\"\" class=\"wp-image-34050\" srcset=\"https:\/\/web.fs.uni-lj.si\/avio\/wp-content\/uploads\/2025\/04\/IMG_7471-1-1024x714.jpg 1024w, https:\/\/web.fs.uni-lj.si\/avio\/wp-content\/uploads\/2025\/04\/IMG_7471-1-300x209.jpg 300w, https:\/\/web.fs.uni-lj.si\/avio\/wp-content\/uploads\/2025\/04\/IMG_7471-1-768x536.jpg 768w, https:\/\/web.fs.uni-lj.si\/avio\/wp-content\/uploads\/2025\/04\/IMG_7471-1-1536x1071.jpg 1536w, https:\/\/web.fs.uni-lj.si\/avio\/wp-content\/uploads\/2025\/04\/IMG_7471-1.jpg 1695w\" sizes=\"auto, (max-width: 1024px) 100vw, 1024px\" \/><\/figure>\n<\/figure>\n\n\n\n<p>Pri prakti\u010dnem delu se udele\u017eenci spoznajo s: pripravo na let, sestavnimi deli drona, osnovami uporabe upravljalnika. Poleg tega na simulatorju na Fakulteti za strojni\u0161tvo izvajajo: osnovne manevre, vaje za spretnost in natan\u010dnost ter izogibanje oviram, vaje za situacijsko zavedanje. Lastni\u0161tvo drona ni pogoj za udele\u017ebo na usposabljanju.<\/p>\n\n\n\n<figure class=\"wp-block-gallery has-nested-images columns-default is-cropped wp-block-gallery-2 is-layout-flex wp-block-gallery-is-layout-flex\">\n<figure class=\"wp-block-image size-large\"><img loading=\"lazy\" decoding=\"async\" width=\"1024\" height=\"768\" data-id=\"34061\" src=\"https:\/\/web.fs.uni-lj.si\/avio\/wp-content\/uploads\/2025\/04\/20250319_171630-1024x768.jpg\" alt=\"\" class=\"wp-image-34061\" srcset=\"https:\/\/web.fs.uni-lj.si\/avio\/wp-content\/uploads\/2025\/04\/20250319_171630-1024x768.jpg 1024w, https:\/\/web.fs.uni-lj.si\/avio\/wp-content\/uploads\/2025\/04\/20250319_171630-300x225.jpg 300w, https:\/\/web.fs.uni-lj.si\/avio\/wp-content\/uploads\/2025\/04\/20250319_171630-768x576.jpg 768w, https:\/\/web.fs.uni-lj.si\/avio\/wp-content\/uploads\/2025\/04\/20250319_171630-1536x1152.jpg 1536w, https:\/\/web.fs.uni-lj.si\/avio\/wp-content\/uploads\/2025\/04\/20250319_171630-2048x1536.jpg 2048w\" sizes=\"auto, (max-width: 1024px) 100vw, 1024px\" \/><\/figure>\n\n\n\n<figure class=\"wp-block-image size-large\"><img loading=\"lazy\" decoding=\"async\" width=\"1024\" height=\"768\" data-id=\"34063\" src=\"https:\/\/web.fs.uni-lj.si\/avio\/wp-content\/uploads\/2025\/04\/20250320_172011-1024x768.jpg\" alt=\"\" class=\"wp-image-34063\" srcset=\"https:\/\/web.fs.uni-lj.si\/avio\/wp-content\/uploads\/2025\/04\/20250320_172011-1024x768.jpg 1024w, https:\/\/web.fs.uni-lj.si\/avio\/wp-content\/uploads\/2025\/04\/20250320_172011-300x225.jpg 300w, https:\/\/web.fs.uni-lj.si\/avio\/wp-content\/uploads\/2025\/04\/20250320_172011-768x576.jpg 768w, https:\/\/web.fs.uni-lj.si\/avio\/wp-content\/uploads\/2025\/04\/20250320_172011-1536x1152.jpg 1536w, https:\/\/web.fs.uni-lj.si\/avio\/wp-content\/uploads\/2025\/04\/20250320_172011-2048x1536.jpg 2048w\" sizes=\"auto, (max-width: 1024px) 100vw, 1024px\" \/><\/figure>\n\n\n\n<figure class=\"wp-block-image size-large\"><img loading=\"lazy\" decoding=\"async\" width=\"1024\" height=\"768\" data-id=\"34060\" src=\"https:\/\/web.fs.uni-lj.si\/avio\/wp-content\/uploads\/2025\/04\/20250312_170932-1024x768.jpg\" alt=\"\" class=\"wp-image-34060\" srcset=\"https:\/\/web.fs.uni-lj.si\/avio\/wp-content\/uploads\/2025\/04\/20250312_170932-1024x768.jpg 1024w, https:\/\/web.fs.uni-lj.si\/avio\/wp-content\/uploads\/2025\/04\/20250312_170932-300x225.jpg 300w, https:\/\/web.fs.uni-lj.si\/avio\/wp-content\/uploads\/2025\/04\/20250312_170932-768x576.jpg 768w, https:\/\/web.fs.uni-lj.si\/avio\/wp-content\/uploads\/2025\/04\/20250312_170932-1536x1152.jpg 1536w, https:\/\/web.fs.uni-lj.si\/avio\/wp-content\/uploads\/2025\/04\/20250312_170932-2048x1536.jpg 2048w\" sizes=\"auto, (max-width: 1024px) 100vw, 1024px\" \/><\/figure>\n<\/figure>\n\n\n\n\n\n\n\n<p><strong>Ponovitev te\u010daja jeseni 2025<\/strong><\/p>\n\n\n\n<p>Izobra\u017eevanje bo ponovno izvedeno jeseni 2025. Prijave bodo mo\u017ene po objavi na spletni strani Fakultete za strojni\u0161tvo: <a href=\"https:\/\/www.fs.uni-lj.si\/raziskovanje\/prenos-znanja\/mikrodokazila-2\">https:\/\/www.fs.uni-lj.si\/raziskovanje\/prenos-znanja\/mikrodokazila-2<\/a><\/p>\n\n\n\n<figure class=\"wp-block-gallery has-nested-images columns-default is-cropped wp-block-gallery-3 is-layout-flex wp-block-gallery-is-layout-flex\">\n<figure class=\"wp-block-image size-large\"><img loading=\"lazy\" decoding=\"async\" width=\"1024\" height=\"768\" data-id=\"34047\" src=\"https:\/\/web.fs.uni-lj.si\/avio\/wp-content\/uploads\/2025\/04\/image-1024x768.png\" alt=\"\" class=\"wp-image-34047\" srcset=\"https:\/\/web.fs.uni-lj.si\/avio\/wp-content\/uploads\/2025\/04\/image-1024x768.png 1024w, https:\/\/web.fs.uni-lj.si\/avio\/wp-content\/uploads\/2025\/04\/image-300x225.png 300w, https:\/\/web.fs.uni-lj.si\/avio\/wp-content\/uploads\/2025\/04\/image-768x576.png 768w, https:\/\/web.fs.uni-lj.si\/avio\/wp-content\/uploads\/2025\/04\/image-1536x1152.png 1536w, https:\/\/web.fs.uni-lj.si\/avio\/wp-content\/uploads\/2025\/04\/image.png 1695w\" sizes=\"auto, (max-width: 1024px) 100vw, 1024px\" \/><\/figure>\n\n\n\n<figure class=\"wp-block-image size-large\"><img loading=\"lazy\" decoding=\"async\" width=\"620\" height=\"803\" data-id=\"34068\" src=\"https:\/\/web.fs.uni-lj.si\/avio\/wp-content\/uploads\/2025\/04\/image-3.png\" alt=\"\" class=\"wp-image-34068\" srcset=\"https:\/\/web.fs.uni-lj.si\/avio\/wp-content\/uploads\/2025\/04\/image-3.png 620w, https:\/\/web.fs.uni-lj.si\/avio\/wp-content\/uploads\/2025\/04\/image-3-232x300.png 232w\" sizes=\"auto, (max-width: 620px) 100vw, 620px\" \/><\/figure>\n\n\n\n<figure class=\"wp-block-image size-large\"><img loading=\"lazy\" decoding=\"async\" width=\"560\" height=\"730\" data-id=\"34072\" src=\"https:\/\/web.fs.uni-lj.si\/avio\/wp-content\/uploads\/2025\/04\/image-5.png\" alt=\"\" class=\"wp-image-34072\" srcset=\"https:\/\/web.fs.uni-lj.si\/avio\/wp-content\/uploads\/2025\/04\/image-5.png 560w, https:\/\/web.fs.uni-lj.si\/avio\/wp-content\/uploads\/2025\/04\/image-5-230x300.png 230w\" sizes=\"auto, (max-width: 560px) 100vw, 560px\" \/><\/figure>\n<\/figure>\n\n\n\n<p><em>Projekt sofinancirata Republika Slovenija, Ministrstvo za visoko \u0161olstvo, znanost in inovacije ter Evropska unija \u2013 NextGenerationEU<\/em><\/p>\n\n\n\n","protected":false},"excerpt":{"rendered":"<p>Zaradi nara\u0161\u010dajo\u010dega \u0161tevila letov z droni, ki pogosto niso skladni z letalskimi predpisi, Fakulteta za strojni\u0161tvo Univerze v Ljubljani v okviru Na\u010drta za okrevanje in odpornost (NOO) izvaja kraj\u0161e izobra\u017eevanje za pridobitev mikrodokazil s podro\u010dja osnovnega upravljanja z brezpilotnimi letalniki (droni). Usposabljanje je namenjeno vsem, ki \u017eelijo pridobiti prakti\u010dna znanja za varno in odgovorno upravljanje [&hellip;]<\/p>\n","protected":false},"author":6,"featured_media":0,"parent":0,"menu_order":0,"comment_status":"closed","ping_status":"closed","template":"","meta":{"footnotes":""},"class_list":["post-34042","page","type-page","status-publish","hentry"],"yoast_head":"<!-- This site is optimized with the Yoast SEO plugin v27.4 - https:\/\/yoast.com\/product\/yoast-seo-wordpress\/ -->\n<title>Osnovno upravljanje z brezpilotnimi letalniki (droni) &#8212; Laboratorij za aeronavtiko<\/title>\n<meta name=\"robots\" content=\"index, follow, max-snippet:-1, max-image-preview:large, max-video-preview:-1\" \/>\n<link rel=\"canonical\" href=\"https:\/\/web.fs.uni-lj.si\/avio\/osnovno-upravljanje-z-brezpilotnimi-letalniki-droni\/\" \/>\n<meta property=\"og:locale\" content=\"sl_SI\" \/>\n<meta property=\"og:type\" content=\"article\" \/>\n<meta property=\"og:title\" content=\"Osnovno upravljanje z brezpilotnimi letalniki (droni) &#8212; Laboratorij za aeronavtiko\" \/>\n<meta property=\"og:description\" content=\"Zaradi nara\u0161\u010dajo\u010dega \u0161tevila letov z droni, ki pogosto niso skladni z letalskimi predpisi, Fakulteta za strojni\u0161tvo Univerze v Ljubljani v okviru Na\u010drta za okrevanje in odpornost (NOO) izvaja kraj\u0161e izobra\u017eevanje za pridobitev mikrodokazil s podro\u010dja osnovnega upravljanja z brezpilotnimi letalniki (droni). Usposabljanje je namenjeno vsem, ki \u017eelijo pridobiti prakti\u010dna znanja za varno in odgovorno upravljanje [&hellip;]\" \/>\n<meta property=\"og:url\" content=\"https:\/\/web.fs.uni-lj.si\/avio\/osnovno-upravljanje-z-brezpilotnimi-letalniki-droni\/\" \/>\n<meta property=\"og:site_name\" content=\"Laboratorij za aeronavtiko\" \/>\n<meta property=\"article:modified_time\" content=\"2025-04-25T10:02:04+00:00\" \/>\n<meta property=\"og:image\" content=\"https:\/\/web.fs.uni-lj.si\/avio\/wp-content\/uploads\/2025\/04\/IMG_7471-1.jpg\" \/>\n\t<meta property=\"og:image:width\" content=\"1695\" \/>\n\t<meta property=\"og:image:height\" content=\"1182\" \/>\n\t<meta property=\"og:image:type\" content=\"image\/jpeg\" \/>\n<meta name=\"twitter:card\" content=\"summary_large_image\" \/>\n<script type=\"application\/ld+json\" class=\"yoast-schema-graph\">{\"@context\":\"https:\\\/\\\/schema.org\",\"@graph\":[{\"@type\":\"WebPage\",\"@id\":\"https:\\\/\\\/web.fs.uni-lj.si\\\/avio\\\/osnovno-upravljanje-z-brezpilotnimi-letalniki-droni\\\/\",\"url\":\"https:\\\/\\\/web.fs.uni-lj.si\\\/avio\\\/osnovno-upravljanje-z-brezpilotnimi-letalniki-droni\\\/\",\"name\":\"Osnovno upravljanje z brezpilotnimi letalniki (droni) &#8212; Laboratorij za aeronavtiko\",\"isPartOf\":{\"@id\":\"https:\\\/\\\/web.fs.uni-lj.si\\\/avio\\\/#website\"},\"primaryImageOfPage\":{\"@id\":\"https:\\\/\\\/web.fs.uni-lj.si\\\/avio\\\/osnovno-upravljanje-z-brezpilotnimi-letalniki-droni\\\/#primaryimage\"},\"image\":{\"@id\":\"https:\\\/\\\/web.fs.uni-lj.si\\\/avio\\\/osnovno-upravljanje-z-brezpilotnimi-letalniki-droni\\\/#primaryimage\"},\"thumbnailUrl\":\"https:\\\/\\\/web.fs.uni-lj.si\\\/avio\\\/wp-content\\\/uploads\\\/2025\\\/04\\\/IMG_7471-1-1024x714.jpg\",\"datePublished\":\"2025-04-01T12:11:48+00:00\",\"dateModified\":\"2025-04-25T10:02:04+00:00\",\"breadcrumb\":{\"@id\":\"https:\\\/\\\/web.fs.uni-lj.si\\\/avio\\\/osnovno-upravljanje-z-brezpilotnimi-letalniki-droni\\\/#breadcrumb\"},\"inLanguage\":\"sl-SI\",\"potentialAction\":[{\"@type\":\"ReadAction\",\"target\":[\"https:\\\/\\\/web.fs.uni-lj.si\\\/avio\\\/osnovno-upravljanje-z-brezpilotnimi-letalniki-droni\\\/\"]}]},{\"@type\":\"ImageObject\",\"inLanguage\":\"sl-SI\",\"@id\":\"https:\\\/\\\/web.fs.uni-lj.si\\\/avio\\\/osnovno-upravljanje-z-brezpilotnimi-letalniki-droni\\\/#primaryimage\",\"url\":\"https:\\\/\\\/web.fs.uni-lj.si\\\/avio\\\/wp-content\\\/uploads\\\/2025\\\/04\\\/IMG_7471-1.jpg\",\"contentUrl\":\"https:\\\/\\\/web.fs.uni-lj.si\\\/avio\\\/wp-content\\\/uploads\\\/2025\\\/04\\\/IMG_7471-1.jpg\",\"width\":1695,\"height\":1182},{\"@type\":\"BreadcrumbList\",\"@id\":\"https:\\\/\\\/web.fs.uni-lj.si\\\/avio\\\/osnovno-upravljanje-z-brezpilotnimi-letalniki-droni\\\/#breadcrumb\",\"itemListElement\":[{\"@type\":\"ListItem\",\"position\":1,\"name\":\"Home\",\"item\":\"https:\\\/\\\/web.fs.uni-lj.si\\\/avio\\\/\"},{\"@type\":\"ListItem\",\"position\":2,\"name\":\"Osnovno upravljanje z brezpilotnimi letalniki (droni)\"}]},{\"@type\":\"WebSite\",\"@id\":\"https:\\\/\\\/web.fs.uni-lj.si\\\/avio\\\/#website\",\"url\":\"https:\\\/\\\/web.fs.uni-lj.si\\\/avio\\\/\",\"name\":\"Laboratorij za aeronavtiko\",\"description\":\"Oddelek za letalstvo, Fakulteta za strojni\u0161tvo, UL\",\"potentialAction\":[{\"@type\":\"SearchAction\",\"target\":{\"@type\":\"EntryPoint\",\"urlTemplate\":\"https:\\\/\\\/web.fs.uni-lj.si\\\/avio\\\/?s={search_term_string}\"},\"query-input\":{\"@type\":\"PropertyValueSpecification\",\"valueRequired\":true,\"valueName\":\"search_term_string\"}}],\"inLanguage\":\"sl-SI\"}]}<\/script>\n<!-- \/ Yoast SEO plugin. -->","yoast_head_json":{"title":"Osnovno upravljanje z brezpilotnimi letalniki (droni) &#8212; Laboratorij za aeronavtiko","robots":{"index":"index","follow":"follow","max-snippet":"max-snippet:-1","max-image-preview":"max-image-preview:large","max-video-preview":"max-video-preview:-1"},"canonical":"https:\/\/web.fs.uni-lj.si\/avio\/osnovno-upravljanje-z-brezpilotnimi-letalniki-droni\/","og_locale":"sl_SI","og_type":"article","og_title":"Osnovno upravljanje z brezpilotnimi letalniki (droni) &#8212; Laboratorij za aeronavtiko","og_description":"Zaradi nara\u0161\u010dajo\u010dega \u0161tevila letov z droni, ki pogosto niso skladni z letalskimi predpisi, Fakulteta za strojni\u0161tvo Univerze v Ljubljani v okviru Na\u010drta za okrevanje in odpornost (NOO) izvaja kraj\u0161e izobra\u017eevanje za pridobitev mikrodokazil s podro\u010dja osnovnega upravljanja z brezpilotnimi letalniki (droni). Usposabljanje je namenjeno vsem, ki \u017eelijo pridobiti prakti\u010dna znanja za varno in odgovorno upravljanje [&hellip;]","og_url":"https:\/\/web.fs.uni-lj.si\/avio\/osnovno-upravljanje-z-brezpilotnimi-letalniki-droni\/","og_site_name":"Laboratorij za aeronavtiko","article_modified_time":"2025-04-25T10:02:04+00:00","og_image":[{"width":1695,"height":1182,"url":"https:\/\/web.fs.uni-lj.si\/avio\/wp-content\/uploads\/2025\/04\/IMG_7471-1.jpg","type":"image\/jpeg"}],"twitter_card":"summary_large_image","schema":{"@context":"https:\/\/schema.org","@graph":[{"@type":"WebPage","@id":"https:\/\/web.fs.uni-lj.si\/avio\/osnovno-upravljanje-z-brezpilotnimi-letalniki-droni\/","url":"https:\/\/web.fs.uni-lj.si\/avio\/osnovno-upravljanje-z-brezpilotnimi-letalniki-droni\/","name":"Osnovno upravljanje z brezpilotnimi letalniki (droni) &#8212; Laboratorij za aeronavtiko","isPartOf":{"@id":"https:\/\/web.fs.uni-lj.si\/avio\/#website"},"primaryImageOfPage":{"@id":"https:\/\/web.fs.uni-lj.si\/avio\/osnovno-upravljanje-z-brezpilotnimi-letalniki-droni\/#primaryimage"},"image":{"@id":"https:\/\/web.fs.uni-lj.si\/avio\/osnovno-upravljanje-z-brezpilotnimi-letalniki-droni\/#primaryimage"},"thumbnailUrl":"https:\/\/web.fs.uni-lj.si\/avio\/wp-content\/uploads\/2025\/04\/IMG_7471-1-1024x714.jpg","datePublished":"2025-04-01T12:11:48+00:00","dateModified":"2025-04-25T10:02:04+00:00","breadcrumb":{"@id":"https:\/\/web.fs.uni-lj.si\/avio\/osnovno-upravljanje-z-brezpilotnimi-letalniki-droni\/#breadcrumb"},"inLanguage":"sl-SI","potentialAction":[{"@type":"ReadAction","target":["https:\/\/web.fs.uni-lj.si\/avio\/osnovno-upravljanje-z-brezpilotnimi-letalniki-droni\/"]}]},{"@type":"ImageObject","inLanguage":"sl-SI","@id":"https:\/\/web.fs.uni-lj.si\/avio\/osnovno-upravljanje-z-brezpilotnimi-letalniki-droni\/#primaryimage","url":"https:\/\/web.fs.uni-lj.si\/avio\/wp-content\/uploads\/2025\/04\/IMG_7471-1.jpg","contentUrl":"https:\/\/web.fs.uni-lj.si\/avio\/wp-content\/uploads\/2025\/04\/IMG_7471-1.jpg","width":1695,"height":1182},{"@type":"BreadcrumbList","@id":"https:\/\/web.fs.uni-lj.si\/avio\/osnovno-upravljanje-z-brezpilotnimi-letalniki-droni\/#breadcrumb","itemListElement":[{"@type":"ListItem","position":1,"name":"Home","item":"https:\/\/web.fs.uni-lj.si\/avio\/"},{"@type":"ListItem","position":2,"name":"Osnovno upravljanje z brezpilotnimi letalniki (droni)"}]},{"@type":"WebSite","@id":"https:\/\/web.fs.uni-lj.si\/avio\/#website","url":"https:\/\/web.fs.uni-lj.si\/avio\/","name":"Laboratorij za aeronavtiko","description":"Oddelek za letalstvo, Fakulteta za strojni\u0161tvo, UL","potentialAction":[{"@type":"SearchAction","target":{"@type":"EntryPoint","urlTemplate":"https:\/\/web.fs.uni-lj.si\/avio\/?s={search_term_string}"},"query-input":{"@type":"PropertyValueSpecification","valueRequired":true,"valueName":"search_term_string"}}],"inLanguage":"sl-SI"}]}},"_links":{"self":[{"href":"https:\/\/web.fs.uni-lj.si\/avio\/wp-json\/wp\/v2\/pages\/34042","targetHints":{"allow":["GET"]}}],"collection":[{"href":"https:\/\/web.fs.uni-lj.si\/avio\/wp-json\/wp\/v2\/pages"}],"about":[{"href":"https:\/\/web.fs.uni-lj.si\/avio\/wp-json\/wp\/v2\/types\/page"}],"author":[{"embeddable":true,"href":"https:\/\/web.fs.uni-lj.si\/avio\/wp-json\/wp\/v2\/users\/6"}],"replies":[{"embeddable":true,"href":"https:\/\/web.fs.uni-lj.si\/avio\/wp-json\/wp\/v2\/comments?post=34042"}],"version-history":[{"count":5,"href":"https:\/\/web.fs.uni-lj.si\/avio\/wp-json\/wp\/v2\/pages\/34042\/revisions"}],"predecessor-version":[{"id":34073,"href":"https:\/\/web.fs.uni-lj.si\/avio\/wp-json\/wp\/v2\/pages\/34042\/revisions\/34073"}],"wp:attachment":[{"href":"https:\/\/web.fs.uni-lj.si\/avio\/wp-json\/wp\/v2\/media?parent=34042"}],"curies":[{"name":"wp","href":"https:\/\/api.w.org\/{rel}","templated":true}]}}