{"id":319,"date":"2017-03-19T01:42:09","date_gmt":"2017-03-19T00:42:09","guid":{"rendered":"http:\/\/web.fs.uni-lj.si\/avio\/?page_id=319"},"modified":"2021-01-22T21:39:28","modified_gmt":"2021-01-22T20:39:28","slug":"raziskave-in-razvoj","status":"publish","type":"page","link":"https:\/\/web.fs.uni-lj.si\/avio\/raziskave-in-razvoj\/","title":{"rendered":"Raziskave in razvoj"},"content":{"rendered":"<p>Laboratorij za aeronavtiko se trenutno ukvarja z razvojem letala z navpi\u010dnim vzletom in pristankom za hitri transport na manj\u0161e razdalje v okviru mest prihodnosti, kjer bo mobilnost po zraku predstavljala glavnino hitrega transporta od to\u010dke do to\u010dke.<\/p>\n<p>Poleg tega nadaljujemo s projektom vizualnega sidranja (Visual anchoring) za brezpilotna letala, ki bo slu\u017eil \u00a0kot pomo\u017eni sistem za pomo\u010d pri navigaciji pri izgubi GPS signala.<\/p>\n<p>V sodelovanju s TUM, razvijamo numeri\u010dne metode za napoved odziva telesa v toku fluida, izpostavljenega obremenitvam zaradi aerodinami\u010dnih, elasti\u010dnih in vztrajnostnih sil.<\/p>\n<p>V kolikor vidite mo\u017enost sodelovanja pri raziskavah oz. razvoju, nas kontaktirajte.<\/p>","protected":false},"excerpt":{"rendered":"<p>Laboratorij za aeronavtiko se trenutno ukvarja z razvojem letala z navpi\u010dnim vzletom in pristankom za hitri transport na manj\u0161e razdalje v okviru mest prihodnosti, kjer bo mobilnost po zraku predstavljala glavnino hitrega transporta od to\u010dke do to\u010dke. Poleg tega nadaljujemo s projektom vizualnega sidranja (Visual anchoring) za brezpilotna letala, ki bo slu\u017eil \u00a0kot pomo\u017eni sistem [&hellip;]<\/p>\n","protected":false},"author":4,"featured_media":0,"parent":0,"menu_order":0,"comment_status":"closed","ping_status":"closed","template":"","meta":{"footnotes":""},"class_list":["post-319","page","type-page","status-publish","hentry"],"yoast_head":"<!-- This site is optimized with the Yoast SEO plugin v27.3 - https:\/\/yoast.com\/product\/yoast-seo-wordpress\/ -->\n<title>Raziskave in razvoj &#8212; Laboratorij za aeronavtiko<\/title>\n<meta name=\"robots\" content=\"index, follow, max-snippet:-1, max-image-preview:large, max-video-preview:-1\" \/>\n<link rel=\"canonical\" href=\"https:\/\/web.fs.uni-lj.si\/avio\/raziskave-in-razvoj\/\" \/>\n<meta property=\"og:locale\" content=\"sl_SI\" \/>\n<meta property=\"og:type\" content=\"article\" \/>\n<meta property=\"og:title\" content=\"Raziskave in razvoj &#8212; Laboratorij za aeronavtiko\" \/>\n<meta property=\"og:description\" content=\"Laboratorij za aeronavtiko se trenutno ukvarja z razvojem letala z navpi\u010dnim vzletom in pristankom za hitri transport na manj\u0161e razdalje v okviru mest prihodnosti, kjer bo mobilnost po zraku predstavljala glavnino hitrega transporta od to\u010dke do to\u010dke. Poleg tega nadaljujemo s projektom vizualnega sidranja (Visual anchoring) za brezpilotna letala, ki bo slu\u017eil \u00a0kot pomo\u017eni sistem [&hellip;]\" \/>\n<meta property=\"og:url\" content=\"https:\/\/web.fs.uni-lj.si\/avio\/raziskave-in-razvoj\/\" \/>\n<meta property=\"og:site_name\" content=\"Laboratorij za aeronavtiko\" \/>\n<meta property=\"article:modified_time\" content=\"2021-01-22T20:39:28+00:00\" \/>\n<meta name=\"twitter:card\" content=\"summary_large_image\" \/>\n<script type=\"application\/ld+json\" class=\"yoast-schema-graph\">{\"@context\":\"https:\\\/\\\/schema.org\",\"@graph\":[{\"@type\":\"WebPage\",\"@id\":\"https:\\\/\\\/web.fs.uni-lj.si\\\/avio\\\/raziskave-in-razvoj\\\/\",\"url\":\"https:\\\/\\\/web.fs.uni-lj.si\\\/avio\\\/raziskave-in-razvoj\\\/\",\"name\":\"Raziskave in razvoj &#8212; Laboratorij za aeronavtiko\",\"isPartOf\":{\"@id\":\"https:\\\/\\\/web.fs.uni-lj.si\\\/avio\\\/#website\"},\"datePublished\":\"2017-03-19T00:42:09+00:00\",\"dateModified\":\"2021-01-22T20:39:28+00:00\",\"breadcrumb\":{\"@id\":\"https:\\\/\\\/web.fs.uni-lj.si\\\/avio\\\/raziskave-in-razvoj\\\/#breadcrumb\"},\"inLanguage\":\"sl-SI\",\"potentialAction\":[{\"@type\":\"ReadAction\",\"target\":[\"https:\\\/\\\/web.fs.uni-lj.si\\\/avio\\\/raziskave-in-razvoj\\\/\"]}]},{\"@type\":\"BreadcrumbList\",\"@id\":\"https:\\\/\\\/web.fs.uni-lj.si\\\/avio\\\/raziskave-in-razvoj\\\/#breadcrumb\",\"itemListElement\":[{\"@type\":\"ListItem\",\"position\":1,\"name\":\"Home\",\"item\":\"https:\\\/\\\/web.fs.uni-lj.si\\\/avio\\\/\"},{\"@type\":\"ListItem\",\"position\":2,\"name\":\"Raziskave in razvoj\"}]},{\"@type\":\"WebSite\",\"@id\":\"https:\\\/\\\/web.fs.uni-lj.si\\\/avio\\\/#website\",\"url\":\"https:\\\/\\\/web.fs.uni-lj.si\\\/avio\\\/\",\"name\":\"Laboratorij za aeronavtiko\",\"description\":\"Oddelek za letalstvo, Fakulteta za strojni\u0161tvo, UL\",\"potentialAction\":[{\"@type\":\"SearchAction\",\"target\":{\"@type\":\"EntryPoint\",\"urlTemplate\":\"https:\\\/\\\/web.fs.uni-lj.si\\\/avio\\\/?s={search_term_string}\"},\"query-input\":{\"@type\":\"PropertyValueSpecification\",\"valueRequired\":true,\"valueName\":\"search_term_string\"}}],\"inLanguage\":\"sl-SI\"}]}<\/script>\n<!-- \/ Yoast SEO plugin. -->","yoast_head_json":{"title":"Raziskave in razvoj &#8212; Laboratorij za aeronavtiko","robots":{"index":"index","follow":"follow","max-snippet":"max-snippet:-1","max-image-preview":"max-image-preview:large","max-video-preview":"max-video-preview:-1"},"canonical":"https:\/\/web.fs.uni-lj.si\/avio\/raziskave-in-razvoj\/","og_locale":"sl_SI","og_type":"article","og_title":"Raziskave in razvoj &#8212; Laboratorij za aeronavtiko","og_description":"Laboratorij za aeronavtiko se trenutno ukvarja z razvojem letala z navpi\u010dnim vzletom in pristankom za hitri transport na manj\u0161e razdalje v okviru mest prihodnosti, kjer bo mobilnost po zraku predstavljala glavnino hitrega transporta od to\u010dke do to\u010dke. Poleg tega nadaljujemo s projektom vizualnega sidranja (Visual anchoring) za brezpilotna letala, ki bo slu\u017eil \u00a0kot pomo\u017eni sistem [&hellip;]","og_url":"https:\/\/web.fs.uni-lj.si\/avio\/raziskave-in-razvoj\/","og_site_name":"Laboratorij za aeronavtiko","article_modified_time":"2021-01-22T20:39:28+00:00","twitter_card":"summary_large_image","schema":{"@context":"https:\/\/schema.org","@graph":[{"@type":"WebPage","@id":"https:\/\/web.fs.uni-lj.si\/avio\/raziskave-in-razvoj\/","url":"https:\/\/web.fs.uni-lj.si\/avio\/raziskave-in-razvoj\/","name":"Raziskave in razvoj &#8212; Laboratorij za aeronavtiko","isPartOf":{"@id":"https:\/\/web.fs.uni-lj.si\/avio\/#website"},"datePublished":"2017-03-19T00:42:09+00:00","dateModified":"2021-01-22T20:39:28+00:00","breadcrumb":{"@id":"https:\/\/web.fs.uni-lj.si\/avio\/raziskave-in-razvoj\/#breadcrumb"},"inLanguage":"sl-SI","potentialAction":[{"@type":"ReadAction","target":["https:\/\/web.fs.uni-lj.si\/avio\/raziskave-in-razvoj\/"]}]},{"@type":"BreadcrumbList","@id":"https:\/\/web.fs.uni-lj.si\/avio\/raziskave-in-razvoj\/#breadcrumb","itemListElement":[{"@type":"ListItem","position":1,"name":"Home","item":"https:\/\/web.fs.uni-lj.si\/avio\/"},{"@type":"ListItem","position":2,"name":"Raziskave in razvoj"}]},{"@type":"WebSite","@id":"https:\/\/web.fs.uni-lj.si\/avio\/#website","url":"https:\/\/web.fs.uni-lj.si\/avio\/","name":"Laboratorij za aeronavtiko","description":"Oddelek za letalstvo, Fakulteta za strojni\u0161tvo, UL","potentialAction":[{"@type":"SearchAction","target":{"@type":"EntryPoint","urlTemplate":"https:\/\/web.fs.uni-lj.si\/avio\/?s={search_term_string}"},"query-input":{"@type":"PropertyValueSpecification","valueRequired":true,"valueName":"search_term_string"}}],"inLanguage":"sl-SI"}]}},"_links":{"self":[{"href":"https:\/\/web.fs.uni-lj.si\/avio\/wp-json\/wp\/v2\/pages\/319","targetHints":{"allow":["GET"]}}],"collection":[{"href":"https:\/\/web.fs.uni-lj.si\/avio\/wp-json\/wp\/v2\/pages"}],"about":[{"href":"https:\/\/web.fs.uni-lj.si\/avio\/wp-json\/wp\/v2\/types\/page"}],"author":[{"embeddable":true,"href":"https:\/\/web.fs.uni-lj.si\/avio\/wp-json\/wp\/v2\/users\/4"}],"replies":[{"embeddable":true,"href":"https:\/\/web.fs.uni-lj.si\/avio\/wp-json\/wp\/v2\/comments?post=319"}],"version-history":[{"count":4,"href":"https:\/\/web.fs.uni-lj.si\/avio\/wp-json\/wp\/v2\/pages\/319\/revisions"}],"predecessor-version":[{"id":2336,"href":"https:\/\/web.fs.uni-lj.si\/avio\/wp-json\/wp\/v2\/pages\/319\/revisions\/2336"}],"wp:attachment":[{"href":"https:\/\/web.fs.uni-lj.si\/avio\/wp-json\/wp\/v2\/media?parent=319"}],"curies":[{"name":"wp","href":"https:\/\/api.w.org\/{rel}","templated":true}]}}