{"id":11,"date":"2017-03-01T09:56:44","date_gmt":"2017-03-01T08:56:44","guid":{"rendered":"http:\/\/web.fs.uni-lj.si\/avio\/?page_id=11"},"modified":"2021-04-15T10:12:17","modified_gmt":"2021-04-15T08:12:17","slug":"predstavitev","status":"publish","type":"page","link":"https:\/\/web.fs.uni-lj.si\/avio\/studij\/predstavitev\/","title":{"rendered":"Predstavitev \u0161tudija"},"content":{"rendered":"<figure class=\"wp-block-embed is-type-video is-provider-youtube wp-block-embed-youtube wp-embed-aspect-16-9 wp-has-aspect-ratio\"><div class=\"wp-block-embed__wrapper\">\n<iframe loading=\"lazy\" title=\"PREDSTAVITEV - SMER LETALSTVO\" width=\"620\" height=\"465\" src=\"https:\/\/www.youtube.com\/embed\/pIsUutBi3d4?feature=oembed\" frameborder=\"0\" allow=\"accelerometer; autoplay; clipboard-write; encrypted-media; gyroscope; picture-in-picture; web-share\" referrerpolicy=\"strict-origin-when-cross-origin\" allowfullscreen><\/iframe>\n<\/div><\/figure>\n\n\n<p>\u0160tudij letalstva na Fakulteti za strojni\u0161tvo poteka v okviru visoko\u0161olskega strokovnega \u0161tudijskega programa prve stopnje strojni\u0161tva \u2013 PAP (Projektno aplikativni program). V zadnjem letniku se ob zadostnem \u0161tevilu \u0161tudentov, smer razdeli na usmeritev Prometni pilot letala\/helikopterja (PPL\/PPH) in Snovanje in vzdr\u017eevanje letal (SVL).<\/p>\n<p>Usmeritev PPL\/PPH sledi cilju usposabljanja za Prometnega pilota, s predpisanim znanjem, zahtevanim v EASA Del-FCL za Prometnega pilota letala ATPL(A) in helikopterja ATPL(H)\/IR. Usposabljanje se izvaja modularno, kar pomeni, da se usposabljanje izvaja v ve\u010d delih in je teoreti\u010dno in prakti\u010dno usposabljanje lo\u010deno. \u0160tudentje morajo zato ob za\u010detku \u0161olanja izpolniti dolo\u010dene pogoje (pridobiti veljavno licenco zasebnega pilota letala PPL(A) ali helikopterja PPL(H)).<\/p>\n<p>Pri usmeritvi SVL \u0161tudentje pridobijo potrebna znanja za snovanje letal in dela na podro\u010dju vzdr\u017eevanja letal. S tem pridobijo del znanj potrebnih za opravljanje dela npr. Pipistrel, Adria Tehnika, Aero4M,&#8230; Ob uspe\u0161nem dokon\u010danju \u0161tudija, se \u0161tudentu delno priznajo moduli v postopku pridobivanja <a href=\"https:\/\/www.caa.si\/licence.html\">licence kategorije C za vzdr\u017eevanje letalnikov<\/a> na CAA, potrebno pa je opraviti \u0161e 4 dodatne module.<\/p>\n<p>Ob zaklju\u010dku \u0161tudija na obeh usmeritvah, pridobi \u0161tudent naziv: Diplomirani\/-a in\u017eenir\/-ka strojni\u0161tva (VS). V primeru izbrane usmeritve PPL\/PPH in izpolnjevanja pogojev dolo\u010denih v \u0161olskem priro\u010dniku (Uspe\u0161nost na izpitih &gt; 75%, Prisotnost na predavanjih in vajah &gt; 80%) pa \u0161tudent pridobi tudi potrdilo o opravljenem teoreti\u010dnem ATPL usposabljanju. S tem potrdilom se lahko pristopi k opravljanju teoreti\u010dnih izpitov pri <a href=\"https:\/\/www.caa.si\/teoreticni-izpiti.html\">CAA<\/a>.<\/p>\n<p>V kolikor \u0161tudent ugotovi, da ga strojni\u0161tvo \u0161e bolj zanima, si lahko ob vpisu v 3 letnik izbere \u0161e diferencialni izpit in se po diplomiranju vpi\u0161e na magistrski \u0161tudijski program.<\/p>\n<h2>Vpis<\/h2>\n<p>Za vpis na smer letalstva, se je najprej potrebno vpisati na Fakulteto za strojni\u0161tvo, Univerza v Ljubljani (FS UL) na &#8220;Projektno aplikativni program&#8221;&nbsp; (PAP). Ob uspe\u0161nem zaklju\u010dku prvega letnika, se izbere smer letalstvo, kjer se pri\u010dnejo predavati letalski predmeti in izvajati strokovne ekskurzije. Po kon\u010danem 2 letniku, se \u0161tudent odlo\u010di za nadaljevanje na usmeritvi Prometni pilot letala\/helikopterja (PPL\/PPH) ali Snovanje in vzdr\u017eevanje letal (SVL).<\/p>\n\n\n\n<figure class=\"wp-block-image size-large\"><img loading=\"lazy\" decoding=\"async\" width=\"1024\" height=\"517\" src=\"http:\/\/web.fs.uni-lj.si\/avio\/wp-content\/uploads\/2020\/01\/Slika1-1024x517.png\" alt=\"\" class=\"wp-image-935\" srcset=\"https:\/\/web.fs.uni-lj.si\/avio\/wp-content\/uploads\/2020\/01\/Slika1-1024x517.png 1024w, https:\/\/web.fs.uni-lj.si\/avio\/wp-content\/uploads\/2020\/01\/Slika1-300x151.png 300w, https:\/\/web.fs.uni-lj.si\/avio\/wp-content\/uploads\/2020\/01\/Slika1-768x388.png 768w, https:\/\/web.fs.uni-lj.si\/avio\/wp-content\/uploads\/2020\/01\/Slika1.png 1131w\" sizes=\"auto, (max-width: 1024px) 100vw, 1024px\" \/><figcaption>Izbira PAP \u0161tudijskega programa ob vpisu na FS UL in smeri Letalstvo po kon\u010danem 1. letniku<\/figcaption><\/figure>\n\n\n\n<figure class=\"wp-block-image size-large\"><img loading=\"lazy\" decoding=\"async\" width=\"1024\" height=\"281\" src=\"http:\/\/web.fs.uni-lj.si\/avio\/wp-content\/uploads\/2020\/01\/Slika2-1024x281.png\" alt=\"\" class=\"wp-image-936\" srcset=\"https:\/\/web.fs.uni-lj.si\/avio\/wp-content\/uploads\/2020\/01\/Slika2-1024x281.png 1024w, https:\/\/web.fs.uni-lj.si\/avio\/wp-content\/uploads\/2020\/01\/Slika2-300x82.png 300w, https:\/\/web.fs.uni-lj.si\/avio\/wp-content\/uploads\/2020\/01\/Slika2-768x211.png 768w, https:\/\/web.fs.uni-lj.si\/avio\/wp-content\/uploads\/2020\/01\/Slika2.png 1179w\" sizes=\"auto, (max-width: 1024px) 100vw, 1024px\" \/><figcaption>Izbira usmeritve po kon\u010danem 2. letniku<\/figcaption><\/figure>\n\n\n\n","protected":false},"excerpt":{"rendered":"<p>\u0160tudij letalstva na Fakulteti za strojni\u0161tvo poteka v okviru visoko\u0161olskega strokovnega \u0161tudijskega programa prve stopnje strojni\u0161tva \u2013 PAP (Projektno aplikativni program). V zadnjem letniku se ob zadostnem \u0161tevilu \u0161tudentov, smer razdeli na usmeritev Prometni pilot letala\/helikopterja (PPL\/PPH) in Snovanje in vzdr\u017eevanje letal (SVL). Usmeritev PPL\/PPH sledi cilju usposabljanja za Prometnega pilota, s predpisanim znanjem, zahtevanim [&hellip;]<\/p>\n","protected":false},"author":4,"featured_media":0,"parent":8,"menu_order":0,"comment_status":"closed","ping_status":"closed","template":"","meta":{"footnotes":""},"class_list":["post-11","page","type-page","status-publish","hentry"],"yoast_head":"<!-- This site is optimized with the Yoast SEO plugin v27.4 - https:\/\/yoast.com\/product\/yoast-seo-wordpress\/ -->\n<title>Predstavitev \u0161tudija &#8212; Laboratorij za aeronavtiko<\/title>\n<meta name=\"robots\" content=\"index, follow, max-snippet:-1, max-image-preview:large, max-video-preview:-1\" \/>\n<link rel=\"canonical\" href=\"https:\/\/web.fs.uni-lj.si\/avio\/studij\/predstavitev\/\" \/>\n<meta property=\"og:locale\" content=\"sl_SI\" \/>\n<meta property=\"og:type\" content=\"article\" \/>\n<meta property=\"og:title\" content=\"Predstavitev \u0161tudija &#8212; Laboratorij za aeronavtiko\" \/>\n<meta property=\"og:description\" content=\"\u0160tudij letalstva na Fakulteti za strojni\u0161tvo poteka v okviru visoko\u0161olskega strokovnega \u0161tudijskega programa prve stopnje strojni\u0161tva \u2013 PAP (Projektno aplikativni program). V zadnjem letniku se ob zadostnem \u0161tevilu \u0161tudentov, smer razdeli na usmeritev Prometni pilot letala\/helikopterja (PPL\/PPH) in Snovanje in vzdr\u017eevanje letal (SVL). Usmeritev PPL\/PPH sledi cilju usposabljanja za Prometnega pilota, s predpisanim znanjem, zahtevanim [&hellip;]\" \/>\n<meta property=\"og:url\" content=\"https:\/\/web.fs.uni-lj.si\/avio\/studij\/predstavitev\/\" \/>\n<meta property=\"og:site_name\" content=\"Laboratorij za aeronavtiko\" \/>\n<meta property=\"article:modified_time\" content=\"2021-04-15T08:12:17+00:00\" \/>\n<meta property=\"og:image\" content=\"http:\/\/web.fs.uni-lj.si\/avio\/wp-content\/uploads\/2020\/01\/Slika1-1024x517.png\" \/>\n<meta name=\"twitter:card\" content=\"summary_large_image\" \/>\n<script type=\"application\/ld+json\" class=\"yoast-schema-graph\">{\"@context\":\"https:\\\/\\\/schema.org\",\"@graph\":[{\"@type\":\"WebPage\",\"@id\":\"https:\\\/\\\/web.fs.uni-lj.si\\\/avio\\\/studij\\\/predstavitev\\\/\",\"url\":\"https:\\\/\\\/web.fs.uni-lj.si\\\/avio\\\/studij\\\/predstavitev\\\/\",\"name\":\"Predstavitev \u0161tudija &#8212; Laboratorij za aeronavtiko\",\"isPartOf\":{\"@id\":\"https:\\\/\\\/web.fs.uni-lj.si\\\/avio\\\/#website\"},\"primaryImageOfPage\":{\"@id\":\"https:\\\/\\\/web.fs.uni-lj.si\\\/avio\\\/studij\\\/predstavitev\\\/#primaryimage\"},\"image\":{\"@id\":\"https:\\\/\\\/web.fs.uni-lj.si\\\/avio\\\/studij\\\/predstavitev\\\/#primaryimage\"},\"thumbnailUrl\":\"http:\\\/\\\/web.fs.uni-lj.si\\\/avio\\\/wp-content\\\/uploads\\\/2020\\\/01\\\/Slika1-1024x517.png\",\"datePublished\":\"2017-03-01T08:56:44+00:00\",\"dateModified\":\"2021-04-15T08:12:17+00:00\",\"breadcrumb\":{\"@id\":\"https:\\\/\\\/web.fs.uni-lj.si\\\/avio\\\/studij\\\/predstavitev\\\/#breadcrumb\"},\"inLanguage\":\"sl-SI\",\"potentialAction\":[{\"@type\":\"ReadAction\",\"target\":[\"https:\\\/\\\/web.fs.uni-lj.si\\\/avio\\\/studij\\\/predstavitev\\\/\"]}]},{\"@type\":\"ImageObject\",\"inLanguage\":\"sl-SI\",\"@id\":\"https:\\\/\\\/web.fs.uni-lj.si\\\/avio\\\/studij\\\/predstavitev\\\/#primaryimage\",\"url\":\"https:\\\/\\\/web.fs.uni-lj.si\\\/avio\\\/wp-content\\\/uploads\\\/2020\\\/01\\\/Slika1.png\",\"contentUrl\":\"https:\\\/\\\/web.fs.uni-lj.si\\\/avio\\\/wp-content\\\/uploads\\\/2020\\\/01\\\/Slika1.png\",\"width\":1131,\"height\":571},{\"@type\":\"BreadcrumbList\",\"@id\":\"https:\\\/\\\/web.fs.uni-lj.si\\\/avio\\\/studij\\\/predstavitev\\\/#breadcrumb\",\"itemListElement\":[{\"@type\":\"ListItem\",\"position\":1,\"name\":\"Home\",\"item\":\"https:\\\/\\\/web.fs.uni-lj.si\\\/avio\\\/\"},{\"@type\":\"ListItem\",\"position\":2,\"name\":\"\u0160tudij\",\"item\":\"https:\\\/\\\/web.fs.uni-lj.si\\\/avio\\\/studij\\\/\"},{\"@type\":\"ListItem\",\"position\":3,\"name\":\"Predstavitev \u0161tudija\"}]},{\"@type\":\"WebSite\",\"@id\":\"https:\\\/\\\/web.fs.uni-lj.si\\\/avio\\\/#website\",\"url\":\"https:\\\/\\\/web.fs.uni-lj.si\\\/avio\\\/\",\"name\":\"Laboratorij za aeronavtiko\",\"description\":\"Oddelek za letalstvo, Fakulteta za strojni\u0161tvo, UL\",\"potentialAction\":[{\"@type\":\"SearchAction\",\"target\":{\"@type\":\"EntryPoint\",\"urlTemplate\":\"https:\\\/\\\/web.fs.uni-lj.si\\\/avio\\\/?s={search_term_string}\"},\"query-input\":{\"@type\":\"PropertyValueSpecification\",\"valueRequired\":true,\"valueName\":\"search_term_string\"}}],\"inLanguage\":\"sl-SI\"}]}<\/script>\n<!-- \/ Yoast SEO plugin. -->","yoast_head_json":{"title":"Predstavitev \u0161tudija &#8212; Laboratorij za aeronavtiko","robots":{"index":"index","follow":"follow","max-snippet":"max-snippet:-1","max-image-preview":"max-image-preview:large","max-video-preview":"max-video-preview:-1"},"canonical":"https:\/\/web.fs.uni-lj.si\/avio\/studij\/predstavitev\/","og_locale":"sl_SI","og_type":"article","og_title":"Predstavitev \u0161tudija &#8212; Laboratorij za aeronavtiko","og_description":"\u0160tudij letalstva na Fakulteti za strojni\u0161tvo poteka v okviru visoko\u0161olskega strokovnega \u0161tudijskega programa prve stopnje strojni\u0161tva \u2013 PAP (Projektno aplikativni program). V zadnjem letniku se ob zadostnem \u0161tevilu \u0161tudentov, smer razdeli na usmeritev Prometni pilot letala\/helikopterja (PPL\/PPH) in Snovanje in vzdr\u017eevanje letal (SVL). Usmeritev PPL\/PPH sledi cilju usposabljanja za Prometnega pilota, s predpisanim znanjem, zahtevanim [&hellip;]","og_url":"https:\/\/web.fs.uni-lj.si\/avio\/studij\/predstavitev\/","og_site_name":"Laboratorij za aeronavtiko","article_modified_time":"2021-04-15T08:12:17+00:00","og_image":[{"url":"http:\/\/web.fs.uni-lj.si\/avio\/wp-content\/uploads\/2020\/01\/Slika1-1024x517.png","type":"","width":"","height":""}],"twitter_card":"summary_large_image","schema":{"@context":"https:\/\/schema.org","@graph":[{"@type":"WebPage","@id":"https:\/\/web.fs.uni-lj.si\/avio\/studij\/predstavitev\/","url":"https:\/\/web.fs.uni-lj.si\/avio\/studij\/predstavitev\/","name":"Predstavitev \u0161tudija &#8212; Laboratorij za aeronavtiko","isPartOf":{"@id":"https:\/\/web.fs.uni-lj.si\/avio\/#website"},"primaryImageOfPage":{"@id":"https:\/\/web.fs.uni-lj.si\/avio\/studij\/predstavitev\/#primaryimage"},"image":{"@id":"https:\/\/web.fs.uni-lj.si\/avio\/studij\/predstavitev\/#primaryimage"},"thumbnailUrl":"http:\/\/web.fs.uni-lj.si\/avio\/wp-content\/uploads\/2020\/01\/Slika1-1024x517.png","datePublished":"2017-03-01T08:56:44+00:00","dateModified":"2021-04-15T08:12:17+00:00","breadcrumb":{"@id":"https:\/\/web.fs.uni-lj.si\/avio\/studij\/predstavitev\/#breadcrumb"},"inLanguage":"sl-SI","potentialAction":[{"@type":"ReadAction","target":["https:\/\/web.fs.uni-lj.si\/avio\/studij\/predstavitev\/"]}]},{"@type":"ImageObject","inLanguage":"sl-SI","@id":"https:\/\/web.fs.uni-lj.si\/avio\/studij\/predstavitev\/#primaryimage","url":"https:\/\/web.fs.uni-lj.si\/avio\/wp-content\/uploads\/2020\/01\/Slika1.png","contentUrl":"https:\/\/web.fs.uni-lj.si\/avio\/wp-content\/uploads\/2020\/01\/Slika1.png","width":1131,"height":571},{"@type":"BreadcrumbList","@id":"https:\/\/web.fs.uni-lj.si\/avio\/studij\/predstavitev\/#breadcrumb","itemListElement":[{"@type":"ListItem","position":1,"name":"Home","item":"https:\/\/web.fs.uni-lj.si\/avio\/"},{"@type":"ListItem","position":2,"name":"\u0160tudij","item":"https:\/\/web.fs.uni-lj.si\/avio\/studij\/"},{"@type":"ListItem","position":3,"name":"Predstavitev \u0161tudija"}]},{"@type":"WebSite","@id":"https:\/\/web.fs.uni-lj.si\/avio\/#website","url":"https:\/\/web.fs.uni-lj.si\/avio\/","name":"Laboratorij za aeronavtiko","description":"Oddelek za letalstvo, Fakulteta za strojni\u0161tvo, UL","potentialAction":[{"@type":"SearchAction","target":{"@type":"EntryPoint","urlTemplate":"https:\/\/web.fs.uni-lj.si\/avio\/?s={search_term_string}"},"query-input":{"@type":"PropertyValueSpecification","valueRequired":true,"valueName":"search_term_string"}}],"inLanguage":"sl-SI"}]}},"_links":{"self":[{"href":"https:\/\/web.fs.uni-lj.si\/avio\/wp-json\/wp\/v2\/pages\/11","targetHints":{"allow":["GET"]}}],"collection":[{"href":"https:\/\/web.fs.uni-lj.si\/avio\/wp-json\/wp\/v2\/pages"}],"about":[{"href":"https:\/\/web.fs.uni-lj.si\/avio\/wp-json\/wp\/v2\/types\/page"}],"author":[{"embeddable":true,"href":"https:\/\/web.fs.uni-lj.si\/avio\/wp-json\/wp\/v2\/users\/4"}],"replies":[{"embeddable":true,"href":"https:\/\/web.fs.uni-lj.si\/avio\/wp-json\/wp\/v2\/comments?post=11"}],"version-history":[{"count":5,"href":"https:\/\/web.fs.uni-lj.si\/avio\/wp-json\/wp\/v2\/pages\/11\/revisions"}],"predecessor-version":[{"id":4039,"href":"https:\/\/web.fs.uni-lj.si\/avio\/wp-json\/wp\/v2\/pages\/11\/revisions\/4039"}],"up":[{"embeddable":true,"href":"https:\/\/web.fs.uni-lj.si\/avio\/wp-json\/wp\/v2\/pages\/8"}],"wp:attachment":[{"href":"https:\/\/web.fs.uni-lj.si\/avio\/wp-json\/wp\/v2\/media?parent=11"}],"curies":[{"name":"wp","href":"https:\/\/api.w.org\/{rel}","templated":true}]}}